{"id":3746,"date":"2025-11-04T16:45:36","date_gmt":"2025-11-04T14:45:36","guid":{"rendered":"https:\/\/pipraveski.ee\/toode\/must-tee-apelsini-kupsise-maitsenoodiga-40g\/"},"modified":"2026-04-17T11:32:57","modified_gmt":"2026-04-17T08:32:57","slug":"must-tee-apelsini-kupsise-maitsenoodiga-40g","status":"publish","type":"product","link":"https:\/\/pipraveski.ee\/en\/product\/must-tee-apelsini-kupsise-maitsenoodiga-40g\/","title":{"rendered":"Black tea, Orange biscuit with milk soda, 40g"},"content":{"rendered":"<p>Musta tee, mis ei sobi ainult j\u00f5uludeks, mille maitset iseloomustavad eriti l\u00f5hnavad v\u00fcrtsid. Magusad kaneelit\u00fckid, v\u00fcrtsikas koriander, kardemon ja nelk, aga ka terav mahlakas pipar on \u00f5rnalt \u00fcmardatud rohke magusate \u00f5unat\u00fckkidega. Aromaatsed noodid mahlastest apelsinidest ja \u00f5rna koorega moodustavad suurep\u00e4rased maitsed.<\/p>\n<p><strong>Ingredients:<\/strong>&nbsp;must tee (47%), \u00f5unat\u00fckid, kaneelit\u00fckid, koriander, l\u00f5hna- ja maitseained, kardemon (terve), apelsiniviilud, roosa pipar, nelk.<\/p>\n<p>&nbsp;3-5 minutit leotusaeg 100 \u00b0C veetemperatuur 4-5 teelusikat\u00e4it liitri kohta.<\/p>","protected":false},"excerpt":{"rendered":"<p>Musta tee, mis ei sobi ainult j\u00f5uludeks, mille maitset iseloomustavad eriti l\u00f5hnavad v\u00fcrtsid. Magusad kaneelit\u00fckid, v\u00fcrtsikas koriander, kardemon ja nelk, aga ka terav mahlakas pipar on \u00f5rnalt \u00fcmardatud rohke magusate \u00f5unat\u00fckkidega. Aromaatsed noodid mahlastest apelsinidest ja \u00f5rna koorega moodustavad suurep\u00e4rased maitsed. Koostisosad:&nbsp;must tee (47%), \u00f5unat\u00fckid, kaneelit\u00fckid, koriander, l\u00f5hna- ja maitseained, kardemon (terve), apelsiniviilud, roosa pipar, [&hellip;]<\/p>\n","protected":false},"featured_media":3745,"template":"","meta":[],"product_brand":[],"product_cat":[327],"product_tag":[],"class_list":{"0":"post-3746","1":"product","2":"type-product","3":"status-publish","4":"has-post-thumbnail","6":"product_cat-kohv-tee","8":"first","9":"instock","10":"taxable","11":"shipping-taxable","12":"purchasable","13":"product-type-simple"},"_links":{"self":[{"href":"https:\/\/pipraveski.ee\/en\/wp-json\/wp\/v2\/product\/3746","targetHints":{"allow":["GET"]}}],"collection":[{"href":"https:\/\/pipraveski.ee\/en\/wp-json\/wp\/v2\/product"}],"about":[{"href":"https:\/\/pipraveski.ee\/en\/wp-json\/wp\/v2\/types\/product"}],"wp:featuredmedia":[{"embeddable":true,"href":"https:\/\/pipraveski.ee\/en\/wp-json\/wp\/v2\/media\/3745"}],"wp:attachment":[{"href":"https:\/\/pipraveski.ee\/en\/wp-json\/wp\/v2\/media?parent=3746"}],"wp:term":[{"taxonomy":"product_brand","embeddable":true,"href":"https:\/\/pipraveski.ee\/en\/wp-json\/wp\/v2\/product_brand?post=3746"},{"taxonomy":"product_cat","embeddable":true,"href":"https:\/\/pipraveski.ee\/en\/wp-json\/wp\/v2\/product_cat?post=3746"},{"taxonomy":"product_tag","embeddable":true,"href":"https:\/\/pipraveski.ee\/en\/wp-json\/wp\/v2\/product_tag?post=3746"}],"curies":[{"name":"wp","href":"https:\/\/api.w.org\/{rel}","templated":true}]}}