{"id":372,"date":"2025-10-22T19:01:59","date_gmt":"2025-10-22T16:01:59","guid":{"rendered":"https:\/\/pipraveski.ee\/?post_type=product&#038;p=372"},"modified":"2026-04-17T11:31:40","modified_gmt":"2026-04-17T08:31:40","slug":"kardemon-roheline-kuprad-alibaba-200g","status":"publish","type":"product","link":"https:\/\/pipraveski.ee\/en\/product\/kardemon-roheline-kuprad-alibaba-200g\/","title":{"rendered":"Cardamom, green, bubbles, Alibaba, 200g"},"content":{"rendered":"<p>Green cardamom is a very aromatic spice. It has a strong, unique spicy-sweet flavour that instantly enhances the taste of the dishes used.<br \/>\nIt has a fresh, citrusy, minty taste with a hint of eucalyptus.<br \/>\nDepending on the type or quality of cardamom used, it has a semi-sweet to strong flavour that becomes stronger when used in larger quantities.<br \/>\nGreen cardamom is suitable for flavouring tea, coffee, drinks, sweet and savoury foods.<\/p>\n<p>10 cups is about 1.5 teaspoons of crushed spice.<\/p>\n<p>Nutrition information per 100g:<br \/>\nEnergy content 1301kj \/ 311 Kcal<br \/>\nFats 7 g<br \/>\nof which saturated fatty acids 0,7g<br \/>\nCarbohydrates 68 g<br \/>\nof which sugars 0g<br \/>\nFibre 28 g<br \/>\nProtein 11g<br \/>\nSalt 0,018g<\/p>","protected":false},"excerpt":{"rendered":"<p>Roheline kardemon on v\u00e4ga aromaatne v\u00fcrts. Sellel on tugev, ainulaadne v\u00fcrtsikas-magus maitse, mis t\u00f5stab koheselt kasutatud roogade maitset. Sellel on v\u00e4rske tsitruseline, piparm\u00fcndine maitse, milles on tunda eukal\u00fcpti. S\u00f5ltuvalt kasutatava kardemoni t\u00fc\u00fcbist v\u00f5i kvaliteedist on sellel poolmahe kuni tugev maitse, mis muutub suuremas koguses kasutamisel tugevamaks. Roheline kardemon sobib tee, kohvi, jookide, magusate ja soolaste [&hellip;]<\/p>\n","protected":false},"featured_media":403,"template":"","meta":[],"product_brand":[],"product_cat":[338],"product_tag":[],"class_list":{"0":"post-372","1":"product","2":"type-product","3":"status-publish","4":"has-post-thumbnail","6":"product_cat-puhtad-maitsed","8":"first","9":"instock","10":"taxable","11":"shipping-taxable","12":"purchasable","13":"product-type-simple"},"_links":{"self":[{"href":"https:\/\/pipraveski.ee\/en\/wp-json\/wp\/v2\/product\/372","targetHints":{"allow":["GET"]}}],"collection":[{"href":"https:\/\/pipraveski.ee\/en\/wp-json\/wp\/v2\/product"}],"about":[{"href":"https:\/\/pipraveski.ee\/en\/wp-json\/wp\/v2\/types\/product"}],"wp:featuredmedia":[{"embeddable":true,"href":"https:\/\/pipraveski.ee\/en\/wp-json\/wp\/v2\/media\/403"}],"wp:attachment":[{"href":"https:\/\/pipraveski.ee\/en\/wp-json\/wp\/v2\/media?parent=372"}],"wp:term":[{"taxonomy":"product_brand","embeddable":true,"href":"https:\/\/pipraveski.ee\/en\/wp-json\/wp\/v2\/product_brand?post=372"},{"taxonomy":"product_cat","embeddable":true,"href":"https:\/\/pipraveski.ee\/en\/wp-json\/wp\/v2\/product_cat?post=372"},{"taxonomy":"product_tag","embeddable":true,"href":"https:\/\/pipraveski.ee\/en\/wp-json\/wp\/v2\/product_tag?post=372"}],"curies":[{"name":"wp","href":"https:\/\/api.w.org\/{rel}","templated":true}]}}