{"id":3717,"date":"2025-11-04T14:45:04","date_gmt":"2025-11-04T12:45:04","guid":{"rendered":"https:\/\/pipraveski.ee\/toode\/kalebasse-santiago\/"},"modified":"2026-04-17T11:32:51","modified_gmt":"2026-04-17T08:32:51","slug":"kalebasse-santiago","status":"publish","type":"product","link":"https:\/\/pipraveski.ee\/en\/product\/kalebasse-santiago\/","title":{"rendered":"Calabash, mate anum 1tk"},"content":{"rendered":"<p data-end=\"335\" data-start=\"0\"><span style=\"font-size:14px\"><span style=\"font-family:arial,helvetica,sans-serif\"><span style=\"font-weight: 600\">Ladina-Ameerikas<\/span> kasutatakse kalebasse traditsiooniliselt mate tee valmistamiseks. Selleks t\u00e4idetakse kalebass mate\u2019ga ja valatakse peale kuum vesi. Seej\u00e4rel juuakse teed bombilla kaudu \u2013 spetsiaalse k\u00f5rrega, millel on sisseehitatud s\u00f5el. Selline valmistusviis v\u00f5imaldab teed korduvalt \u00fcle kallata ja pakub seega pikaajalist naudingut.<br \/>\nMade of stainless steel, this calabash is particularly comfortable to use and easy to clean. Traditionally, the drinking of mate is a ritual or a ceremony performed in the company of family, friends and guests. The calabash is passed from one person to another. El cebador - the person who prepares and serves the mate - makes a fresh brew for everyone until all the guests have had their share. This ritual is widely regarded as a symbol of friendship, courtesy and openness.<br \/>\nIf you want to do well as a guest at the ceremony, it's worth following a few rules: finish your mate, don't say \u201ethank you\u201c and don't attend if you're sick. That way you'll make a good impression.<br \/>\nTry it for yourself - nowadays, mate is not only cultish, it's also fashionable and really offers a lot!<\/span><\/span><\/p>","protected":false},"excerpt":{"rendered":"<p>Ladina-Ameerikas kasutatakse kalebasse traditsiooniliselt mate tee valmistamiseks. Selleks t\u00e4idetakse kalebass mate\u2019ga ja valatakse peale kuum vesi. Seej\u00e4rel juuakse teed bombilla kaudu \u2013 spetsiaalse k\u00f5rrega, millel on sisseehitatud s\u00f5el. Selline valmistusviis v\u00f5imaldab teed korduvalt \u00fcle kallata ja pakub seega pikaajalist naudingut. See roostevabast terasest valmistatud kalebass on eriti mugav kasutada ja lihtne puhastada. Traditsiooniliselt on mate [&hellip;]<\/p>\n","protected":false},"featured_media":3716,"template":"","meta":[],"product_brand":[],"product_cat":[330],"product_tag":[],"class_list":{"0":"post-3717","1":"product","2":"type-product","3":"status-publish","4":"has-post-thumbnail","6":"product_cat-koogitarvikud","8":"first","9":"instock","10":"taxable","11":"shipping-taxable","12":"purchasable","13":"product-type-simple"},"_links":{"self":[{"href":"https:\/\/pipraveski.ee\/en\/wp-json\/wp\/v2\/product\/3717","targetHints":{"allow":["GET"]}}],"collection":[{"href":"https:\/\/pipraveski.ee\/en\/wp-json\/wp\/v2\/product"}],"about":[{"href":"https:\/\/pipraveski.ee\/en\/wp-json\/wp\/v2\/types\/product"}],"wp:featuredmedia":[{"embeddable":true,"href":"https:\/\/pipraveski.ee\/en\/wp-json\/wp\/v2\/media\/3716"}],"wp:attachment":[{"href":"https:\/\/pipraveski.ee\/en\/wp-json\/wp\/v2\/media?parent=3717"}],"wp:term":[{"taxonomy":"product_brand","embeddable":true,"href":"https:\/\/pipraveski.ee\/en\/wp-json\/wp\/v2\/product_brand?post=3717"},{"taxonomy":"product_cat","embeddable":true,"href":"https:\/\/pipraveski.ee\/en\/wp-json\/wp\/v2\/product_cat?post=3717"},{"taxonomy":"product_tag","embeddable":true,"href":"https:\/\/pipraveski.ee\/en\/wp-json\/wp\/v2\/product_tag?post=3717"}],"curies":[{"name":"wp","href":"https:\/\/api.w.org\/{rel}","templated":true}]}}