{"id":3712,"date":"2025-11-04T14:30:06","date_gmt":"2025-11-04T12:30:06","guid":{"rendered":"https:\/\/pipraveski.ee\/toode\/teekarud-cola-maitselised-100g\/"},"modified":"2026-04-17T11:32:33","modified_gmt":"2026-04-17T08:32:33","slug":"teekarud-cola-maitselised-100g","status":"publish","type":"product","link":"https:\/\/pipraveski.ee\/en\/product\/teekarud-cola-maitselised-100g\/","title":{"rendered":"Tea cups, Cola flavoured, 100g"},"content":{"rendered":"<p><span style=\"font-size:14px\">Koostisained: suhkur, gl\u00fckoosisiirup, \u017eelatiin, vesi, kontsentreeritud valge viinamarjamahl, toiduv\u00e4rv (karamelliseirup), happesuse regulaator: sidrunhape, valge tee ekstrakt, looduslik tsitrusel\u00f5hna- ja maitseaine, kontsentreeritud \u00f5unamahlast saadud magusaine, \u00f5unamahlakontsentraat, kontsentreeritud pirnimahl, kontsentreeritud aprikoosimahl, glasuuraine: karnaubavaha<\/span><br \/>\nTo make a hot drink, mix one to three bears in a mug of hot water. Alternatively, Tea Bears can also be enjoyed as a particularly delicious fruit drink!<\/p>\n<p><span style=\"font-size:14px\">Nutrition information per 100 g<br \/>\nEnergiasisaldus 1495 kj\/ 352kcal<br \/>\nFats 0,5 g<br \/>\nof which saturated fatty acids 0,1g<br \/>\nCarbohydrates 81g<br \/>\nof which sugars 71g<br \/>\nValgud 4, g<br \/>\nSalt 0,03g<\/span><\/p>","protected":false},"excerpt":{"rendered":"<p>Our tea carts are uniquely versatile and very popular! <\/p>","protected":false},"featured_media":3710,"template":"","meta":[],"product_brand":[],"product_cat":[327],"product_tag":[],"class_list":{"0":"post-3712","1":"product","2":"type-product","3":"status-publish","4":"has-post-thumbnail","6":"product_cat-kohv-tee","8":"first","9":"instock","10":"taxable","11":"shipping-taxable","12":"purchasable","13":"product-type-simple"},"_links":{"self":[{"href":"https:\/\/pipraveski.ee\/en\/wp-json\/wp\/v2\/product\/3712","targetHints":{"allow":["GET"]}}],"collection":[{"href":"https:\/\/pipraveski.ee\/en\/wp-json\/wp\/v2\/product"}],"about":[{"href":"https:\/\/pipraveski.ee\/en\/wp-json\/wp\/v2\/types\/product"}],"wp:featuredmedia":[{"embeddable":true,"href":"https:\/\/pipraveski.ee\/en\/wp-json\/wp\/v2\/media\/3710"}],"wp:attachment":[{"href":"https:\/\/pipraveski.ee\/en\/wp-json\/wp\/v2\/media?parent=3712"}],"wp:term":[{"taxonomy":"product_brand","embeddable":true,"href":"https:\/\/pipraveski.ee\/en\/wp-json\/wp\/v2\/product_brand?post=3712"},{"taxonomy":"product_cat","embeddable":true,"href":"https:\/\/pipraveski.ee\/en\/wp-json\/wp\/v2\/product_cat?post=3712"},{"taxonomy":"product_tag","embeddable":true,"href":"https:\/\/pipraveski.ee\/en\/wp-json\/wp\/v2\/product_tag?post=3712"}],"curies":[{"name":"wp","href":"https:\/\/api.w.org\/{rel}","templated":true}]}}