{"id":368,"date":"2025-10-22T19:01:59","date_gmt":"2025-10-22T16:01:59","guid":{"rendered":"https:\/\/pipraveski.ee\/?post_type=product&#038;p=368"},"modified":"2026-04-17T11:32:23","modified_gmt":"2026-04-17T08:32:23","slug":"vurtsioli-mehhiko-naturell-3kg-eritellimus","status":"publish","type":"product","link":"https:\/\/pipraveski.ee\/en\/product\/vurtsioli-mehhiko-naturell-3kg-eritellimus\/","title":{"rendered":"Spicy oil \u201cMexican\u201d, Naturell, 3kg \/ special order"},"content":{"rendered":"<p><em>(Eritellimuse toote tarneaeg ca 4- 6 n\u00e4dalat)<\/em><\/p>\n<p>Grill- ja praeliha, gulja\u0161\u0161ide ja raguude v\u00fcrtsitamiseks ja marineerimiseks.<\/p>\n<p>Kasutamine: Enne praadimist v\u00f5i grillimist pintseldada liha Hela v\u00fcrtsi\u00f5liga. \u00d5liga v\u00f5ib t\u00f6\u00f6delda ka varem ning lasta pikemalt maitsestuda. Mida kauem liha marineerub, seda v\u00fcrtsisem on tulemus.<br \/>\nParim tulemus: hoida marineerituna \u00fcle \u00f6\u00f6 k\u00fclmikus.<\/p>\n<p>Kulunorm: 80-100g 1 kg liha kohta.<\/p>\n<p>Koostisosad: Taimne rasv, meresool (12%), suhkur, sibul, maitseained, t\u0161illipipar, maitseained, pipar, koriander, majoraan, looduslik aroom, p\u00e4rmiekstrakt, suitsu aroom.<br \/>\nS\u00e4ilitamine: V\u00fcrtsi\u00f5li hoida otsese p\u00e4ikesevalguse eest. Peale avamist s\u00e4ilitada k\u00fclmikus.<br \/>\nNaturell* &#8211; Meresoolaga v\u00fcrtsi\u00f5li. Ei sisalda LAKTOOSi, MSG&#8217;d, allergeene, s\u00e4ilitusaineid, kunstlikke v\u00e4rv- ja aroomaineid.<\/p>","protected":false},"excerpt":{"rendered":"<p>Grill- ja praeliha, gulja\u0161\u0161ide ja raguude v\u00fcrtsitamiseks ja marineerimiseks.<\/p>","protected":false},"featured_media":398,"template":"","meta":[],"product_brand":[244],"product_cat":[310],"product_tag":[],"class_list":{"0":"post-368","1":"product","2":"type-product","3":"status-publish","4":"has-post-thumbnail","6":"product_brand-hela","7":"product_cat-marinaadid","9":"first","10":"outofstock","11":"taxable","12":"shipping-taxable","13":"purchasable","14":"product-type-simple"},"_links":{"self":[{"href":"https:\/\/pipraveski.ee\/en\/wp-json\/wp\/v2\/product\/368","targetHints":{"allow":["GET"]}}],"collection":[{"href":"https:\/\/pipraveski.ee\/en\/wp-json\/wp\/v2\/product"}],"about":[{"href":"https:\/\/pipraveski.ee\/en\/wp-json\/wp\/v2\/types\/product"}],"wp:featuredmedia":[{"embeddable":true,"href":"https:\/\/pipraveski.ee\/en\/wp-json\/wp\/v2\/media\/398"}],"wp:attachment":[{"href":"https:\/\/pipraveski.ee\/en\/wp-json\/wp\/v2\/media?parent=368"}],"wp:term":[{"taxonomy":"product_brand","embeddable":true,"href":"https:\/\/pipraveski.ee\/en\/wp-json\/wp\/v2\/product_brand?post=368"},{"taxonomy":"product_cat","embeddable":true,"href":"https:\/\/pipraveski.ee\/en\/wp-json\/wp\/v2\/product_cat?post=368"},{"taxonomy":"product_tag","embeddable":true,"href":"https:\/\/pipraveski.ee\/en\/wp-json\/wp\/v2\/product_tag?post=368"}],"curies":[{"name":"wp","href":"https:\/\/api.w.org\/{rel}","templated":true}]}}