{"id":366,"date":"2025-10-22T19:01:59","date_gmt":"2025-10-22T16:01:59","guid":{"rendered":"https:\/\/pipraveski.ee\/?post_type=product&#038;p=366"},"modified":"2026-04-17T11:31:38","modified_gmt":"2026-04-17T08:31:38","slug":"sriracha-tsillikaste-sidrunheinaga-455ml","status":"publish","type":"product","link":"https:\/\/pipraveski.ee\/en\/product\/sriracha-tsillikaste-sidrunheinaga-455ml\/","title":{"rendered":"Sriracha chilli sauce with lemongrass, 455ml"},"content":{"rendered":"<p>Sriracha t\u0161illikaste sidrunheinaga.<\/p>\n<p>Koostisosad: t\u0161illi 52%, suhkur, sidrunhein 15%, sool, vesi, happesuse regulaatorid: \u00e4\u00e4dikhape ja sidrunhape, maitsetugevdaja: E621, stabilisaator: ksantaankummi, s\u00e4ilitusaine: kaaliumsorbaat.<br \/>\nPeale avamist s\u00e4ilitada k\u00fclmikus ja tarbida 8 n\u00e4dala jooksul.<\/p>\n<p>Toitev\u00e4\u00e4rtus 100ml kohta:<br \/>\nEnergia 495kJ\/117kcal<br \/>\nRasv 0,9g<br \/>\nof which saturated fatty acids 0,2g<br \/>\nS\u00fcsivesikud 24g<br \/>\nmillest suhkur 20g<br \/>\nKiudained 2,5g<br \/>\nValk 2g<br \/>\nSool 9g<\/p>","protected":false},"excerpt":{"rendered":"<p>Sriracha t\u0161illikaste sidrunheinaga<\/p>","protected":false},"featured_media":396,"template":"","meta":[],"product_brand":[],"product_cat":[317],"product_tag":[],"class_list":{"0":"post-366","1":"product","2":"type-product","3":"status-publish","4":"has-post-thumbnail","6":"product_cat-kastmed-sinepid-tsatnid","8":"first","9":"instock","10":"taxable","11":"shipping-taxable","12":"purchasable","13":"product-type-simple"},"_links":{"self":[{"href":"https:\/\/pipraveski.ee\/en\/wp-json\/wp\/v2\/product\/366","targetHints":{"allow":["GET"]}}],"collection":[{"href":"https:\/\/pipraveski.ee\/en\/wp-json\/wp\/v2\/product"}],"about":[{"href":"https:\/\/pipraveski.ee\/en\/wp-json\/wp\/v2\/types\/product"}],"wp:featuredmedia":[{"embeddable":true,"href":"https:\/\/pipraveski.ee\/en\/wp-json\/wp\/v2\/media\/396"}],"wp:attachment":[{"href":"https:\/\/pipraveski.ee\/en\/wp-json\/wp\/v2\/media?parent=366"}],"wp:term":[{"taxonomy":"product_brand","embeddable":true,"href":"https:\/\/pipraveski.ee\/en\/wp-json\/wp\/v2\/product_brand?post=366"},{"taxonomy":"product_cat","embeddable":true,"href":"https:\/\/pipraveski.ee\/en\/wp-json\/wp\/v2\/product_cat?post=366"},{"taxonomy":"product_tag","embeddable":true,"href":"https:\/\/pipraveski.ee\/en\/wp-json\/wp\/v2\/product_tag?post=366"}],"curies":[{"name":"wp","href":"https:\/\/api.w.org\/{rel}","templated":true}]}}