{"id":365,"date":"2025-10-22T19:01:59","date_gmt":"2025-10-22T16:01:59","guid":{"rendered":"https:\/\/pipraveski.ee\/?post_type=product&#038;p=365"},"modified":"2026-04-17T11:33:01","modified_gmt":"2026-04-17T08:33:01","slug":"tahtaniis-200g","status":"publish","type":"product","link":"https:\/\/pipraveski.ee\/en\/product\/tahtaniis-200g\/","title":{"rendered":"Star anise, HELA, 200g"},"content":{"rendered":"<p>A spice that tastes and smells of liquorice and anise.<\/p>\n<p>In Asian cuisines, star anise is a widely used spice and theme protector. In Chinese cuisine, star anise is used to season pork, duck and goose.<br \/>\nIn Europe, star anise is used in gingerbread, plum and pear preserves and desserts, from drinks to Christmas tea and mulled wine.<br \/>\nThe oil is used as a substitute for aniseed oil in bakery and confectionery products, ice creams and liqueurs.<br \/>\nStar anise is part of the mulled wine spice, gingerbread spice and spice mix.<\/p>\n<p>In folk medicine, chewing star anise after a meal is recommended to ease digestion and improve breath. Star anise is also helpful against flatulence, cough and bronchitis.<\/p>\n<p>Storage:The aroma of whole fruit will last for years if stored in a dark, dry and airtight place. However, the aroma quickly dissipates from the powder.<\/p>","protected":false},"excerpt":{"rendered":"<p>Lagritsa ning aniisi maitseline ja l\u00f5hnaline v\u00fcrts. Aasia k\u00f6\u00f6kides on t\u00e4htaniis laialdast kasutamist leidev v\u00fcrts ja teemaitsestaja. Hiina k\u00f6\u00f6gis maitsestatakse t\u00e4htaniisiga sea-, pardi- ja haneliha. Euroopas kasutatakse t\u00e4htaniisi piparkookides, ploomi- ja pirnihoidistes ning magustoitudes, jookidest j\u00f5ulutees ja h\u00f5\u00f5gveinis. \u00d5li kasutatakse aniisi\u00f5li asendajana pagaritoodetes ja maiustustes, j\u00e4\u00e4tistes ja lik\u00f6\u00f6rides. T\u00e4htaniis kuulub h\u00f5\u00f5gveiniv\u00fcrtsi, piparkoogiv\u00fcrtsi ja viiev\u00fcrtsisegu koostisse. [&hellip;]<\/p>\n","protected":false},"featured_media":395,"template":"","meta":[],"product_brand":[244],"product_cat":[338],"product_tag":[],"class_list":{"0":"post-365","1":"product","2":"type-product","3":"status-publish","4":"has-post-thumbnail","6":"product_brand-hela","7":"product_cat-puhtad-maitsed","9":"first","10":"instock","11":"taxable","12":"shipping-taxable","13":"purchasable","14":"product-type-simple"},"_links":{"self":[{"href":"https:\/\/pipraveski.ee\/en\/wp-json\/wp\/v2\/product\/365","targetHints":{"allow":["GET"]}}],"collection":[{"href":"https:\/\/pipraveski.ee\/en\/wp-json\/wp\/v2\/product"}],"about":[{"href":"https:\/\/pipraveski.ee\/en\/wp-json\/wp\/v2\/types\/product"}],"wp:featuredmedia":[{"embeddable":true,"href":"https:\/\/pipraveski.ee\/en\/wp-json\/wp\/v2\/media\/395"}],"wp:attachment":[{"href":"https:\/\/pipraveski.ee\/en\/wp-json\/wp\/v2\/media?parent=365"}],"wp:term":[{"taxonomy":"product_brand","embeddable":true,"href":"https:\/\/pipraveski.ee\/en\/wp-json\/wp\/v2\/product_brand?post=365"},{"taxonomy":"product_cat","embeddable":true,"href":"https:\/\/pipraveski.ee\/en\/wp-json\/wp\/v2\/product_cat?post=365"},{"taxonomy":"product_tag","embeddable":true,"href":"https:\/\/pipraveski.ee\/en\/wp-json\/wp\/v2\/product_tag?post=365"}],"curies":[{"name":"wp","href":"https:\/\/api.w.org\/{rel}","templated":true}]}}