{"id":3513,"date":"2025-10-31T18:37:49","date_gmt":"2025-10-31T16:37:49","guid":{"rendered":"https:\/\/pipraveski.ee\/toode\/hubertus-mix-50g\/"},"modified":"2026-04-17T11:32:57","modified_gmt":"2026-04-17T08:32:57","slug":"hubertus-mix-50g","status":"publish","type":"product","link":"https:\/\/pipraveski.ee\/en\/product\/hubertus-mix-50g\/","title":{"rendered":"Hubertus mix, HELA, 50g"},"content":{"rendered":"<p>&#8211; Aromaatne ja v\u00fcrtsikas koostis v\u00fcrtsika noodiga<br \/>\n&#8211; J\u00e4me tekstuur annab m\u00e4rgatava v\u00fcrtsikuse ja hammustusastme<br \/>\n&#8211; Ideaalne ulukiliha, sealiha, praadide, marinaadide ja vorstide jaoks<br \/>\n&#8211; V\u00f5ib kasutada ka dekoratiivse v\u00f5i viimistlusv\u00fcrtsina<\/p>\n<p><strong>Ingredients:<\/strong>Punane paprikagraanul,SINEPiseemned, sibul, roheline paprikagraanul, valge pipar, k\u00f6\u00f6mned, rapsi\u00f5li.<\/p>\n<p><strong>Allergeenid:SINEPIseemned.<\/strong><\/p>\n<p>Energiasisaldus 1624kJ\/ 388 kcal<br \/>\nRasvad 15,6 g<br \/>\nmillest k\u00fcllastunud rasvad 1,7 g<br \/>\nS\u00fcsivesikuid kokku 37,4 g<br \/>\nmillest suhkruid 29,9 g<br \/>\nKiudaineid 16,2 g<br \/>\nValgud 16,4 g<br \/>\nSoola 0,1 g<\/p>","protected":false},"excerpt":{"rendered":"<p>Hubertuse segu sinepiseemnete, sibula, pipra, k\u00f6\u00f6mnete ja paprikaga pole mitte ainult h\u00f5rk, vaid n\u00e4eb ka kaunis garneeringuna v\u00e4lja erinevate roogade juures.<\/p>","protected":false},"featured_media":3512,"template":"","meta":[],"product_brand":[],"product_cat":[306],"product_tag":[],"class_list":{"0":"post-3513","1":"product","2":"type-product","3":"status-publish","4":"has-post-thumbnail","6":"product_cat-dekoor","8":"first","9":"instock","10":"taxable","11":"shipping-taxable","12":"purchasable","13":"product-type-simple"},"_links":{"self":[{"href":"https:\/\/pipraveski.ee\/en\/wp-json\/wp\/v2\/product\/3513","targetHints":{"allow":["GET"]}}],"collection":[{"href":"https:\/\/pipraveski.ee\/en\/wp-json\/wp\/v2\/product"}],"about":[{"href":"https:\/\/pipraveski.ee\/en\/wp-json\/wp\/v2\/types\/product"}],"wp:featuredmedia":[{"embeddable":true,"href":"https:\/\/pipraveski.ee\/en\/wp-json\/wp\/v2\/media\/3512"}],"wp:attachment":[{"href":"https:\/\/pipraveski.ee\/en\/wp-json\/wp\/v2\/media?parent=3513"}],"wp:term":[{"taxonomy":"product_brand","embeddable":true,"href":"https:\/\/pipraveski.ee\/en\/wp-json\/wp\/v2\/product_brand?post=3513"},{"taxonomy":"product_cat","embeddable":true,"href":"https:\/\/pipraveski.ee\/en\/wp-json\/wp\/v2\/product_cat?post=3513"},{"taxonomy":"product_tag","embeddable":true,"href":"https:\/\/pipraveski.ee\/en\/wp-json\/wp\/v2\/product_tag?post=3513"}],"curies":[{"name":"wp","href":"https:\/\/api.w.org\/{rel}","templated":true}]}}