{"id":3511,"date":"2025-10-31T18:37:49","date_gmt":"2025-10-31T16:37:49","guid":{"rendered":"https:\/\/pipraveski.ee\/toode\/kiirnuudlid-kreveti-maitselised-indomie-70g\/"},"modified":"2026-04-17T11:33:23","modified_gmt":"2026-04-17T08:33:23","slug":"kiirnuudlid-kreveti-maitselised-indomie-70g","status":"publish","type":"product","link":"https:\/\/pipraveski.ee\/en\/product\/kiirnuudlid-kreveti-maitselised-indomie-70g\/","title":{"rendered":"Shrimp-flavoured pear noodles, Indomie, 70g"},"content":{"rendered":"<p>Need maheda kreveti maitsega nuudlid on ideaalne valik Aasia k\u00f6\u00f6gi austajatele, kes eelistavad v\u00e4hem v\u00fcrtsikaid roogasid. Kiire ja maitsev valik igaks p\u00e4evaks, pakkudes maitsvat kombinatsiooni \u00f5rnast maitsest ja meeldivast maitsestamisest. Ideaalne kiireks l\u00f5unaks v\u00f5i \u00f5htus\u00f6\u00f6giks.<\/p>\n<p><strong>Ingredients: <\/strong>NISUjahu 94%, rafineeritud palmi\u00f5li (sisaldab antioks\u00fcdanti E319), sool, happesuse regulaator (E451, E501, E500), paksendaja (E412), v\u00e4rvaine (E101). V\u00fcrtsipulber 5,6%: sool, maitsetugevdajad (E621, E627, E631), suhkur, paksendaja (E412), v\u00fcrtsid (sisaldab KALA ja SOJAuba), k\u00fc\u00fcslauk, t\u0161illipulber 0,4%, piprapulber.<br \/>\n<strong style=\"font-size: 13px\"><span style=\"font-size: 14px\">Allergeenid: nisu, soja, kala, koorikloomad.<\/span><\/strong><\/p>\n<p>Valmistamine: Keeda nuudleid 400ml vees 5 min (kas potis v\u00f5i mikrolaineahjus) ja kurna \u00fcleliigne vesi.<br \/>\nIn a bowl, mix together the seasoning packet, spice oil, soy sauce.<br \/>\nAdd the noodles to the bowl, stir and serve.<\/p>\n<p>Nutrition information per 100 g<br \/>\nEnergiasisaldus&nbsp; 1910 kJ \/ 455 kcal<br \/>\nRasvad&nbsp; 15 g,<br \/>\n&nbsp;millest k\u00fcllastunud rasvhappeid 6,7 g<br \/>\nS\u00fcsivesikud&nbsp; 66 g,<br \/>\n&nbsp;millest suhkrud 2,6 g<br \/>\nValgud&nbsp; 9,8 g<br \/>\nSool&nbsp; 4,4 g<\/p>","protected":false},"excerpt":{"rendered":"<p>Need maheda kreveti maitsega nuudlid on ideaalne valik Aasia k\u00f6\u00f6gi austajatele, kes eelistavad v\u00e4hem v\u00fcrtsikaid roogasid. Kiire ja maitsev valik igaks p\u00e4evaks, pakkudes maitsvat kombinatsiooni \u00f5rnast maitsest ja meeldivast maitsestamisest. Ideaalne kiireks l\u00f5unaks v\u00f5i \u00f5htus\u00f6\u00f6giks. Koostisosad: NISUjahu 94%, rafineeritud palmi\u00f5li (sisaldab antioks\u00fcdanti E319), sool, happesuse regulaator (E451, E501, E500), paksendaja (E412), v\u00e4rvaine (E101). V\u00fcrtsipulber 5,6%: [&hellip;]<\/p>\n","protected":false},"featured_media":3509,"template":"","meta":[],"product_brand":[],"product_cat":[320],"product_tag":[],"class_list":{"0":"post-3511","1":"product","2":"type-product","3":"status-publish","4":"has-post-thumbnail","6":"product_cat-riis-nuudlid","8":"first","9":"instock","10":"taxable","11":"shipping-taxable","12":"purchasable","13":"product-type-simple"},"_links":{"self":[{"href":"https:\/\/pipraveski.ee\/en\/wp-json\/wp\/v2\/product\/3511","targetHints":{"allow":["GET"]}}],"collection":[{"href":"https:\/\/pipraveski.ee\/en\/wp-json\/wp\/v2\/product"}],"about":[{"href":"https:\/\/pipraveski.ee\/en\/wp-json\/wp\/v2\/types\/product"}],"wp:featuredmedia":[{"embeddable":true,"href":"https:\/\/pipraveski.ee\/en\/wp-json\/wp\/v2\/media\/3509"}],"wp:attachment":[{"href":"https:\/\/pipraveski.ee\/en\/wp-json\/wp\/v2\/media?parent=3511"}],"wp:term":[{"taxonomy":"product_brand","embeddable":true,"href":"https:\/\/pipraveski.ee\/en\/wp-json\/wp\/v2\/product_brand?post=3511"},{"taxonomy":"product_cat","embeddable":true,"href":"https:\/\/pipraveski.ee\/en\/wp-json\/wp\/v2\/product_cat?post=3511"},{"taxonomy":"product_tag","embeddable":true,"href":"https:\/\/pipraveski.ee\/en\/wp-json\/wp\/v2\/product_tag?post=3511"}],"curies":[{"name":"wp","href":"https:\/\/api.w.org\/{rel}","templated":true}]}}