{"id":3505,"date":"2025-10-31T18:37:48","date_gmt":"2025-10-31T16:37:48","guid":{"rendered":"https:\/\/pipraveski.ee\/toode\/karripasta-roheline-195g\/"},"modified":"2026-04-17T11:33:15","modified_gmt":"2026-04-17T08:33:15","slug":"karripasta-roheline-195g","status":"publish","type":"product","link":"https:\/\/pipraveski.ee\/en\/product\/karripasta-roheline-195g\/","title":{"rendered":"Curry paste, green, 195g"},"content":{"rendered":"<p>A magic green curry paste.<\/p>\n<p>Sobib suurep\u00e4raselt rohelise karri valmistamiseks.<br \/>\nLisa wok pannile \u00f5li, karripasta ja kookospiim, kuumuta ca 30 sek. Lisa soovitud liha (nt kana t\u00fckid), k\u00f6\u00f6giviljad ja laimilehe ribad, kuumuta valmimiseni. Maitsesta kalakastmega ja serveeri riisiga (nt basmati v\u00f5i jasmiini riisiga).<\/p>\n<p>Koostisosad: t\u0161illi, sidrunhein, SOJA\u00f5li, k\u00fc\u00fcslauk, kalgan, sool, \u0161alottsibul, koriander, suhkur, muskaatp\u00e4hkel.<\/p>\n<p>Nutrition information per 100g<br \/>\nEnergiasisaldus 1158 kJ \/ 280 kcal<br \/>\nRasvad 25g<br \/>\nmillest k\u00fcllastnunud rasvhapped 4,6g<br \/>\nS\u00fcsivesikud 8,1g<br \/>\nof which sugars 3,1g<br \/>\nProtein 3,1g<br \/>\nSool 6g<\/p>\n<p>Country of origin: Thailand<\/p>","protected":false},"excerpt":{"rendered":"<p>Roheline karripasta<\/p>","protected":false},"featured_media":3504,"template":"","meta":[],"product_brand":[],"product_cat":[308],"product_tag":[],"class_list":{"0":"post-3505","1":"product","2":"type-product","3":"status-publish","4":"has-post-thumbnail","6":"product_cat-maitseaine-pastad-kastmed","8":"first","9":"instock","10":"taxable","11":"shipping-taxable","12":"purchasable","13":"product-type-simple"},"_links":{"self":[{"href":"https:\/\/pipraveski.ee\/en\/wp-json\/wp\/v2\/product\/3505","targetHints":{"allow":["GET"]}}],"collection":[{"href":"https:\/\/pipraveski.ee\/en\/wp-json\/wp\/v2\/product"}],"about":[{"href":"https:\/\/pipraveski.ee\/en\/wp-json\/wp\/v2\/types\/product"}],"wp:featuredmedia":[{"embeddable":true,"href":"https:\/\/pipraveski.ee\/en\/wp-json\/wp\/v2\/media\/3504"}],"wp:attachment":[{"href":"https:\/\/pipraveski.ee\/en\/wp-json\/wp\/v2\/media?parent=3505"}],"wp:term":[{"taxonomy":"product_brand","embeddable":true,"href":"https:\/\/pipraveski.ee\/en\/wp-json\/wp\/v2\/product_brand?post=3505"},{"taxonomy":"product_cat","embeddable":true,"href":"https:\/\/pipraveski.ee\/en\/wp-json\/wp\/v2\/product_cat?post=3505"},{"taxonomy":"product_tag","embeddable":true,"href":"https:\/\/pipraveski.ee\/en\/wp-json\/wp\/v2\/product_tag?post=3505"}],"curies":[{"name":"wp","href":"https:\/\/api.w.org\/{rel}","templated":true}]}}