{"id":3501,"date":"2025-10-31T18:37:47","date_gmt":"2025-10-31T16:37:47","guid":{"rendered":"https:\/\/pipraveski.ee\/toode\/vanillipulber-naturaalne-10g\/"},"modified":"2026-04-17T11:32:34","modified_gmt":"2026-04-17T08:32:34","slug":"vanillipulber-naturaalne-10g","status":"publish","type":"product","link":"https:\/\/pipraveski.ee\/en\/product\/vanillipulber-naturaalne-10g\/","title":{"rendered":"Vanilla powder, natural, HELA, 10g"},"content":{"rendered":"<p><span style=\"font-size:14px\"><span style=\"font-family: Roboto, sans-serif\">Vanilje aromaatsed omadused ilmnevad kuumuse k\u00e4es, seet\u00f5ttu kasutatakse seda kondiitritoodete valmistamisel, saiakestes, samuti magustoitude kastmetes. J\u00e4\u00e4tis, kokteilid ja muud piima- ja kohupiimatooted omandavad vanilli lisades hea maitse ja aroomi. Ka maiustused maitsevad paremini, kui seda v\u00fcrtsi \u00fche koostisosana kasutada. Vanilli kasutatakse ka m\u00f5nede alkohoolsete jookide valmistamisel.<br \/>\nSelle v\u00fcrtsi aroom on imeline, kuid maitse m\u00f5rkjas, nii et peate seda kasutama v\u00e4ikeste portsjonitena.<\/p>\n<p>Koostisosad: Vanillikaun.<\/span><\/span><\/p>","protected":false},"excerpt":{"rendered":"<p>Vanillipulber on saadud naturaalsetest vanillikaunadest.<\/p>","protected":false},"featured_media":3500,"template":"","meta":[],"product_brand":[],"product_cat":[338],"product_tag":[],"class_list":{"0":"post-3501","1":"product","2":"type-product","3":"status-publish","4":"has-post-thumbnail","6":"product_cat-puhtad-maitsed","8":"first","9":"instock","10":"taxable","11":"shipping-taxable","12":"purchasable","13":"product-type-simple"},"_links":{"self":[{"href":"https:\/\/pipraveski.ee\/en\/wp-json\/wp\/v2\/product\/3501","targetHints":{"allow":["GET"]}}],"collection":[{"href":"https:\/\/pipraveski.ee\/en\/wp-json\/wp\/v2\/product"}],"about":[{"href":"https:\/\/pipraveski.ee\/en\/wp-json\/wp\/v2\/types\/product"}],"wp:featuredmedia":[{"embeddable":true,"href":"https:\/\/pipraveski.ee\/en\/wp-json\/wp\/v2\/media\/3500"}],"wp:attachment":[{"href":"https:\/\/pipraveski.ee\/en\/wp-json\/wp\/v2\/media?parent=3501"}],"wp:term":[{"taxonomy":"product_brand","embeddable":true,"href":"https:\/\/pipraveski.ee\/en\/wp-json\/wp\/v2\/product_brand?post=3501"},{"taxonomy":"product_cat","embeddable":true,"href":"https:\/\/pipraveski.ee\/en\/wp-json\/wp\/v2\/product_cat?post=3501"},{"taxonomy":"product_tag","embeddable":true,"href":"https:\/\/pipraveski.ee\/en\/wp-json\/wp\/v2\/product_tag?post=3501"}],"curies":[{"name":"wp","href":"https:\/\/api.w.org\/{rel}","templated":true}]}}