{"id":3497,"date":"2025-10-31T18:37:45","date_gmt":"2025-10-31T16:37:45","guid":{"rendered":"https:\/\/pipraveski.ee\/toode\/sidrunimahl-golden-turtle-250ml\/"},"modified":"2026-04-17T11:32:06","modified_gmt":"2026-04-17T08:32:06","slug":"sidrunimahl-golden-turtle-250ml","status":"publish","type":"product","link":"https:\/\/pipraveski.ee\/en\/product\/sidrunimahl-golden-turtle-250ml\/","title":{"rendered":"Lemon juice, Golden Turtle, 250ml"},"content":{"rendered":"<p><span style=\"font-family: Lato, sans-serif;font-size: medium\">See sidrunimahl pakub teile k\u00f5iki v\u00e4rskelt pressitud sidrunite h\u00e4id omadusi, millel on iseloomulik v\u00e4rske ja p\u00f5nev maitse.<\/p>\n<p><strong>Ingredients:<\/strong> sidrunimahl sidrunimahla kontsentraadist, sidruni\u00f5li, s\u00e4ilitusaine: kaaliummetabisulfit.&nbsp;<\/span><\/p>\n<p><span style=\"font-size:14px\"><span style=\"font-family: Roboto, Helvetica, sans-serif\">Nutrition information per 100ml<\/span><br style=\"font-family: Roboto, Helvetica, sans-serif;font-size: 18px\" \/><br \/>\n<span style=\"font-family: Roboto, Helvetica, sans-serif\">Energiasisaldus 93kJ\/22kcal<\/span><br style=\"font-family: Roboto, Helvetica, sans-serif;font-size: 18px\" \/><br \/>\n<span style=\"font-family: Roboto, Helvetica, sans-serif\">Rasva 0,1g<\/span><br style=\"font-family: Roboto, Helvetica, sans-serif;font-size: 18px\" \/><br \/>\n<span style=\"font-family: Roboto, Helvetica, sans-serif\">&nbsp; millest k\u00fcllastunud 0,06g<\/span><br style=\"font-family: Roboto, Helvetica, sans-serif;font-size: 18px\" \/><br \/>\n<span style=\"font-family: Roboto, Helvetica, sans-serif\">S\u00fcsivesikuid 1,0 g<\/span><br style=\"font-family: Roboto, Helvetica, sans-serif;font-size: 18px\" \/><br \/>\n<span style=\"font-family: Roboto, Helvetica, sans-serif\">&nbsp; millest suhkruid 0,9 g<\/span><br style=\"font-family: Roboto, Helvetica, sans-serif;font-size: 18px\" \/><br \/>\n<span style=\"font-family: Roboto, Helvetica, sans-serif\">Valgud 0,3 g<\/span><br style=\"font-family: Roboto, Helvetica, sans-serif;font-size: 18px\" \/><br \/>\n<span style=\"font-family: Roboto, Helvetica, sans-serif\">Sool 0,02 g<\/span><\/span><\/p>","protected":false},"excerpt":{"rendered":"<p>See sidrunimahl pakub teile k\u00f5iki v\u00e4rskelt pressitud sidrunite h\u00e4id omadusi, millel on iseloomulik v\u00e4rske ja p\u00f5nev maitse. Koostisosad: sidrunimahl sidrunimahla kontsentraadist, sidruni\u00f5li, s\u00e4ilitusaine: kaaliummetabisulfit.&nbsp; Toitumisalane teave 100ml kohta Energiasisaldus 93kJ\/22kcal Rasva 0,1g &nbsp; millest k\u00fcllastunud 0,06g S\u00fcsivesikuid 1,0 g &nbsp; millest suhkruid 0,9 g Valgud 0,3 g Sool 0,02 g<\/p>","protected":false},"featured_media":3495,"template":"","meta":[],"product_brand":[],"product_cat":[340],"product_tag":[],"class_list":{"0":"post-3497","1":"product","2":"type-product","3":"status-publish","4":"has-post-thumbnail","6":"product_cat-ekstraktid","8":"first","9":"instock","10":"taxable","11":"shipping-taxable","12":"purchasable","13":"product-type-simple"},"_links":{"self":[{"href":"https:\/\/pipraveski.ee\/en\/wp-json\/wp\/v2\/product\/3497","targetHints":{"allow":["GET"]}}],"collection":[{"href":"https:\/\/pipraveski.ee\/en\/wp-json\/wp\/v2\/product"}],"about":[{"href":"https:\/\/pipraveski.ee\/en\/wp-json\/wp\/v2\/types\/product"}],"wp:featuredmedia":[{"embeddable":true,"href":"https:\/\/pipraveski.ee\/en\/wp-json\/wp\/v2\/media\/3495"}],"wp:attachment":[{"href":"https:\/\/pipraveski.ee\/en\/wp-json\/wp\/v2\/media?parent=3497"}],"wp:term":[{"taxonomy":"product_brand","embeddable":true,"href":"https:\/\/pipraveski.ee\/en\/wp-json\/wp\/v2\/product_brand?post=3497"},{"taxonomy":"product_cat","embeddable":true,"href":"https:\/\/pipraveski.ee\/en\/wp-json\/wp\/v2\/product_cat?post=3497"},{"taxonomy":"product_tag","embeddable":true,"href":"https:\/\/pipraveski.ee\/en\/wp-json\/wp\/v2\/product_tag?post=3497"}],"curies":[{"name":"wp","href":"https:\/\/api.w.org\/{rel}","templated":true}]}}