{"id":3371,"date":"2025-10-27T17:22:51","date_gmt":"2025-10-27T15:22:51","guid":{"rendered":"https:\/\/pipraveski.ee\/toode\/hungarian-goulash-spice-mix-90g\/"},"modified":"2026-04-17T11:32:31","modified_gmt":"2026-04-17T08:32:31","slug":"hungarian-goulash-spice-mix-90g","status":"publish","type":"product","link":"https:\/\/pipraveski.ee\/en\/product\/hungarian-goulash-spice-mix-90g\/","title":{"rendered":"Hungarian Goulash Spice Mix, 90g"},"content":{"rendered":"<p>Gula\u0161\u0161 on veise-, sea-, hobuse- v\u00f5i lambalihast valmistatud hautis v\u00f5i raguu, mis on paljudes eri riikides v\u00e4ga populaarne. Keskajal keetsid Ungari karjased l\u00f5kke kohal \u00f5hukest suppi keedetud lihast ja sibulast, kuid sel ajal ei sisaldanud see paprikat. Paprika, maheda t\u0161illisordi kuivatatud vorm, toodi Euroopasse esmakordselt p\u00e4rast Ameerika avastamist ja algselt oli see saadaval ainult aadlile. T\u00e4nap\u00e4eval tuntud Ungari gulja\u0161 rohke paprikaga ei olnud rahvusroog enne 18. sajandi l\u00f5ppu.<\/p>\n<p>Koostisosad:&nbsp;V\u00fcrtsid (paprika, sibul, pipar, muskaatp\u00e4hkel, tomat, koriander, piment, k\u00f6\u00f6mned, k\u00fc\u00fcslauk, nelk, seened, cayenne&#8217;i pipar, majoraan, loorberileht, t\u00fc\u00fcmian, sinepiseemned, harilik kirss, liivatee), kivisool 15%.<br \/>\nTeadaolevad allergeenid: V\u00f5ib sisaldada selleri j\u00e4lgi.<\/p>","protected":false},"excerpt":{"rendered":"<p>See Ungari gulja\u0161i maitseainete segu muudab teie gulja\u0161i t\u00f5eliseks maitsepeoks. <\/p>","protected":false},"featured_media":3370,"template":"","meta":[],"product_brand":[],"product_cat":[307],"product_tag":[],"class_list":{"0":"post-3371","1":"product","2":"type-product","3":"status-publish","4":"has-post-thumbnail","6":"product_cat-maitseainesegud","8":"first","9":"instock","10":"taxable","11":"shipping-taxable","12":"purchasable","13":"product-type-simple"},"_links":{"self":[{"href":"https:\/\/pipraveski.ee\/en\/wp-json\/wp\/v2\/product\/3371","targetHints":{"allow":["GET"]}}],"collection":[{"href":"https:\/\/pipraveski.ee\/en\/wp-json\/wp\/v2\/product"}],"about":[{"href":"https:\/\/pipraveski.ee\/en\/wp-json\/wp\/v2\/types\/product"}],"wp:featuredmedia":[{"embeddable":true,"href":"https:\/\/pipraveski.ee\/en\/wp-json\/wp\/v2\/media\/3370"}],"wp:attachment":[{"href":"https:\/\/pipraveski.ee\/en\/wp-json\/wp\/v2\/media?parent=3371"}],"wp:term":[{"taxonomy":"product_brand","embeddable":true,"href":"https:\/\/pipraveski.ee\/en\/wp-json\/wp\/v2\/product_brand?post=3371"},{"taxonomy":"product_cat","embeddable":true,"href":"https:\/\/pipraveski.ee\/en\/wp-json\/wp\/v2\/product_cat?post=3371"},{"taxonomy":"product_tag","embeddable":true,"href":"https:\/\/pipraveski.ee\/en\/wp-json\/wp\/v2\/product_tag?post=3371"}],"curies":[{"name":"wp","href":"https:\/\/api.w.org\/{rel}","templated":true}]}}