{"id":332,"date":"2025-10-22T19:01:48","date_gmt":"2025-10-22T16:01:48","guid":{"rendered":"https:\/\/pipraveski.ee\/?post_type=product&#038;p=332"},"modified":"2026-04-17T11:32:31","modified_gmt":"2026-04-17T08:32:31","slug":"sibulaseemned-mustad-klowunji-100g","status":"publish","type":"product","link":"https:\/\/pipraveski.ee\/en\/product\/sibulaseemned-mustad-klowunji-100g\/","title":{"rendered":"Sibulaseemned, mustad (Klowunji), 100g"},"content":{"rendered":"<p>\nKalonji (Nigella Seeds) mustad sibulaseemned on tuntud ka nimede all: must k\u00f6\u00f6men, Kalonji, Klowunji ja Nigella seemned, Nigella Sativa.&nbsp;<br \/>\nTegemist on iga-aastase \u00f5istaimeliigiga, mis on levinud L\u00f5una-Aasias ja Edela-Aasias.&nbsp;<br \/>\nSeemneid peetakse \u00fcheks tervislikumaks v\u00fcrtsiks, millel on lugematu hulk tervisele kasulikke omadusi.<br \/>\nNigella seemneid kasutatakse v\u00fcrtsina India ja L\u00e4his-Ida k\u00f6\u00f6kides. Seemned maitsevad kui kombinatsioon sibulast, mustast piprast ja oreganost. Neil on terav m\u00f5ru maitse ja l\u00f5hn.<br \/>\nKuivr\u00f6stitud seemned sobivad karride, k\u00f6\u00f6giviljade, kaunviljade, leivatoodete, kanaroogade ja salatite maitsestamiseks. Mustad sibulaseemned on ka oluline koostisosa panch phoron viie v\u00fcrtsi segus, mida kasutatakse marineerimisel. Samuti leiavad nad kasutust armeeniap\u00e4rastes juustutoodetes ja sobivad ideaalselt ka naanileiva rafineerimiseks<br \/>\nNeed umbes k\u00f6\u00f6mne suurused seemned sisaldavad mitmeid toimeaineid, sealhulgas v\u00f5imsat \u00fchendit nimega t\u00fcmokinoon (TQ).<br \/>\nTQ kohta \u00f6eldakse: arvatakse, et see suudab ravida peaaegu k\u00f5ike. See on kasulik nahale, astmale, amneesiale, tasakaalustab insuliini ja kolesterooli taset, enneaegset halliks minekut ja juuste v\u00e4ljalangemist, v\u00e4hendavad p\u00f5letikku ning tugevdavad immuuns\u00fcsteemi.<\/p>\n<p>Nutrition information per 100 g<br \/>\nEnergiasisaldus 84kj\/ 20 Kcal<br \/>\nRasvad 0,9 g<br \/>\nmillest k\u00fcllastunud rasvhappeid 0g<br \/>\nS\u00fcsivesikud 9 g<br \/>\nof which sugars 0g<br \/>\nKiudained&nbsp; 2,3 g<br \/>\n<span style=\"font-size: 13px\">Valgud 0,9 g<\/span><\/p>","protected":false},"excerpt":{"rendered":"<p>Seemned maitsevad kui kombinatsioon sibulast, mustast piprast ja oreganost. Terav m\u00f5ru maitse ja l\u00f5hn.<\/p>","protected":false},"featured_media":363,"template":"","meta":[],"product_brand":[257],"product_cat":[338],"product_tag":[],"class_list":{"0":"post-332","1":"product","2":"type-product","3":"status-publish","4":"has-post-thumbnail","6":"product_brand-trs","7":"product_cat-puhtad-maitsed","9":"first","10":"instock","11":"taxable","12":"shipping-taxable","13":"purchasable","14":"product-type-simple"},"_links":{"self":[{"href":"https:\/\/pipraveski.ee\/en\/wp-json\/wp\/v2\/product\/332","targetHints":{"allow":["GET"]}}],"collection":[{"href":"https:\/\/pipraveski.ee\/en\/wp-json\/wp\/v2\/product"}],"about":[{"href":"https:\/\/pipraveski.ee\/en\/wp-json\/wp\/v2\/types\/product"}],"wp:featuredmedia":[{"embeddable":true,"href":"https:\/\/pipraveski.ee\/en\/wp-json\/wp\/v2\/media\/363"}],"wp:attachment":[{"href":"https:\/\/pipraveski.ee\/en\/wp-json\/wp\/v2\/media?parent=332"}],"wp:term":[{"taxonomy":"product_brand","embeddable":true,"href":"https:\/\/pipraveski.ee\/en\/wp-json\/wp\/v2\/product_brand?post=332"},{"taxonomy":"product_cat","embeddable":true,"href":"https:\/\/pipraveski.ee\/en\/wp-json\/wp\/v2\/product_cat?post=332"},{"taxonomy":"product_tag","embeddable":true,"href":"https:\/\/pipraveski.ee\/en\/wp-json\/wp\/v2\/product_tag?post=332"}],"curies":[{"name":"wp","href":"https:\/\/api.w.org\/{rel}","templated":true}]}}