{"id":329,"date":"2025-10-22T19:01:48","date_gmt":"2025-10-22T16:01:48","guid":{"rendered":"https:\/\/pipraveski.ee\/?post_type=product&#038;p=329"},"modified":"2026-04-17T11:33:18","modified_gmt":"2026-04-17T08:33:18","slug":"aniis-jahvatatud-500g","status":"publish","type":"product","link":"https:\/\/pipraveski.ee\/en\/product\/aniis-jahvatatud-500g\/","title":{"rendered":"Anise, ground, 500g"},"content":{"rendered":"<p>A warm, liquorice-flavoured spice with a sweet aroma.<br \/>\nAnise is a warm, liquorice-flavoured spice with a sweet aroma. Not to be confused with star anise, which has a spicier, stronger flavour.<\/p>\n<p>Aniseed is used for flavouring baked goods, for example, and is added to muffins, cakes, desserts, compotes and stews. It is also suitable for flavouring various drinks.<\/p>","protected":false},"excerpt":{"rendered":"<p>Soe, lagritsa maitseline, magusa aroomiga v\u00fcrts. Aniis on soe, lagritsa maitseline, magusa aroomiga v\u00fcrts. Mitte segamini ajada t\u00e4htaniisiga, mille maitse on v\u00fcrtsikam ja tugevam. Aniisi kasutatakse n\u00e4iteks pagaritoodete maitsestamiseks, lisatakse kuklitele-saiadele, kookidele, magustoitudele, kompottidele ja keedistele. Sobib ka erinevate jookide maitsestamiseks.<\/p>","protected":false},"featured_media":360,"template":"","meta":[],"product_brand":[],"product_cat":[338],"product_tag":[],"class_list":{"0":"post-329","1":"product","2":"type-product","3":"status-publish","4":"has-post-thumbnail","6":"product_cat-puhtad-maitsed","8":"first","9":"outofstock","10":"taxable","11":"shipping-taxable","12":"purchasable","13":"product-type-simple"},"_links":{"self":[{"href":"https:\/\/pipraveski.ee\/en\/wp-json\/wp\/v2\/product\/329","targetHints":{"allow":["GET"]}}],"collection":[{"href":"https:\/\/pipraveski.ee\/en\/wp-json\/wp\/v2\/product"}],"about":[{"href":"https:\/\/pipraveski.ee\/en\/wp-json\/wp\/v2\/types\/product"}],"wp:featuredmedia":[{"embeddable":true,"href":"https:\/\/pipraveski.ee\/en\/wp-json\/wp\/v2\/media\/360"}],"wp:attachment":[{"href":"https:\/\/pipraveski.ee\/en\/wp-json\/wp\/v2\/media?parent=329"}],"wp:term":[{"taxonomy":"product_brand","embeddable":true,"href":"https:\/\/pipraveski.ee\/en\/wp-json\/wp\/v2\/product_brand?post=329"},{"taxonomy":"product_cat","embeddable":true,"href":"https:\/\/pipraveski.ee\/en\/wp-json\/wp\/v2\/product_cat?post=329"},{"taxonomy":"product_tag","embeddable":true,"href":"https:\/\/pipraveski.ee\/en\/wp-json\/wp\/v2\/product_tag?post=329"}],"curies":[{"name":"wp","href":"https:\/\/api.w.org\/{rel}","templated":true}]}}