{"id":327,"date":"2025-10-22T19:01:48","date_gmt":"2025-10-22T16:01:48","guid":{"rendered":"https:\/\/pipraveski.ee\/?post_type=product&#038;p=327"},"modified":"2026-04-17T11:32:59","modified_gmt":"2026-04-17T08:32:59","slug":"pepper-king-habanero-kropsud-125g","status":"publish","type":"product","link":"https:\/\/pipraveski.ee\/en\/product\/pepper-king-habanero-kropsud-125g\/","title":{"rendered":"Pepper King Habanero Crisps, 125g"},"content":{"rendered":"<p>Kr\u00f5mpsuv, kuum ja t\u00e4idlase Habanero maitsega kr\u00f5psud.<\/p>\n<p>Pepper King Habanero kr\u00f5psud on veidi paksemad kui tavalised kartulikr\u00f5psud ja v\u00e4ga kr\u00f5mpsuva tekstuuriga. Need on v\u00fcrtsikad, v\u00e4ga erilise kuuma pipra maitse ja suitsuh\u00f5nguga. Tuline Habanero pulber ja v\u00e4ga peen magusus \u00fcmardavad elegantselt \u00fcldist maitset.<\/p>\n<p>Koostisosad: Kartul, p\u00e4evalille\u00f5li, keedusool (osaliselt suitsutatud), paprika, v\u00fcrtsiekstrakt, habanero t\u0161illi, suhkur, k\u00fc\u00fcslauk, looduslikud l\u00f5hna- ja maitseained.<\/p>\n<p><span style=\"font-size:12px\"><span style=\"font-weight: 600;, sans-serif;letter-spacing: 0.2px\">Nutrition information per 100g:<\/span><\/span><br \/>\nEnergia 2042 kJ\/&nbsp;489 kcal&nbsp;<br \/>\nRasv 26,1g<br \/>\nK\u00fcllastunud rasvhapped 4,4g<br \/>\nS\u00fcsivesikud 54,6g<br \/>\nSuhkur 2,7g<br \/>\nProteiin 6,4g<br \/>\nSalt 1,9g<\/p>","protected":false},"excerpt":{"rendered":"<p>Kr\u00f5mpsuv, kuum ja t\u00e4idlase Habanero maitsega kr\u00f5psud. Pepper King Habanero kr\u00f5psud on veidi paksemad kui tavalised kartulikr\u00f5psud ja v\u00e4ga kr\u00f5mpsuva tekstuuriga. Need on v\u00fcrtsikad, v\u00e4ga erilise kuuma pipra maitse ja suitsuh\u00f5nguga. Tuline Habanero pulber ja v\u00e4ga peen magusus \u00fcmardavad elegantselt \u00fcldist maitset. Koostisosad: Kartul, p\u00e4evalille\u00f5li, keedusool (osaliselt suitsutatud), paprika, v\u00fcrtsiekstrakt, habanero t\u0161illi, suhkur, k\u00fc\u00fcslauk, looduslikud [&hellip;]<\/p>\n","protected":false},"featured_media":358,"template":"","meta":[],"product_brand":[],"product_cat":[324],"product_tag":[],"class_list":{"0":"post-327","1":"product","2":"type-product","3":"status-publish","4":"has-post-thumbnail","6":"product_cat-maiustused-snakid","8":"first","9":"instock","10":"taxable","11":"shipping-taxable","12":"purchasable","13":"product-type-simple"},"_links":{"self":[{"href":"https:\/\/pipraveski.ee\/en\/wp-json\/wp\/v2\/product\/327","targetHints":{"allow":["GET"]}}],"collection":[{"href":"https:\/\/pipraveski.ee\/en\/wp-json\/wp\/v2\/product"}],"about":[{"href":"https:\/\/pipraveski.ee\/en\/wp-json\/wp\/v2\/types\/product"}],"wp:featuredmedia":[{"embeddable":true,"href":"https:\/\/pipraveski.ee\/en\/wp-json\/wp\/v2\/media\/358"}],"wp:attachment":[{"href":"https:\/\/pipraveski.ee\/en\/wp-json\/wp\/v2\/media?parent=327"}],"wp:term":[{"taxonomy":"product_brand","embeddable":true,"href":"https:\/\/pipraveski.ee\/en\/wp-json\/wp\/v2\/product_brand?post=327"},{"taxonomy":"product_cat","embeddable":true,"href":"https:\/\/pipraveski.ee\/en\/wp-json\/wp\/v2\/product_cat?post=327"},{"taxonomy":"product_tag","embeddable":true,"href":"https:\/\/pipraveski.ee\/en\/wp-json\/wp\/v2\/product_tag?post=327"}],"curies":[{"name":"wp","href":"https:\/\/api.w.org\/{rel}","templated":true}]}}