{"id":323,"date":"2025-10-22T19:01:48","date_gmt":"2025-10-22T16:01:48","guid":{"rendered":"https:\/\/pipraveski.ee\/?post_type=product&#038;p=323"},"modified":"2026-04-17T11:32:07","modified_gmt":"2026-04-17T08:32:07","slug":"habanero-jahvatatud-10g","status":"publish","type":"product","link":"https:\/\/pipraveski.ee\/en\/product\/habanero-jahvatatud-10g\/","title":{"rendered":"Habanero, ground, 10g"},"content":{"rendered":"<p>K\u00fcpsed habanerod on rohelised ja k\u00fcpsedes v\u00e4rvuvad. Levinumad v\u00e4rvivariandid on oran\u017e ja punane, kuid vili v\u00f5ib olla ka valge, pruun, kollane, roheline v\u00f5i lilla. Tavaliselt on k\u00fcps habanero 2\u20136 sentimeetrit pikk. Habanero t\u0161illid on v\u00e4ga kuumad, Habanero kuumus, maitse ja lillearoom muudavad selle kuumade kastmete ja muude v\u00fcrtsikate toitude tavaliseks koostisosaks. Scoville&#8217;i skaala 100 000 \u2013 350 000 SHU.<\/p>\n<p>Sobib lihtsalt lisamiseks k\u00f5ikidele toitudele kuhu on soov v\u00fcrtsikust anda: raputa p\u00e4hklitele enne ahjus r\u00f6stimist, lisa pisut marjamoosile v\u00f5i marineeritud k\u00f6\u00f6givilja salatile tegemise k\u00e4igus, samuti ideaalne talvise soojendava meesegu hulka. Loomulikult ka kastmetesse, majoneeside-ket\u0161upite hulka, marinaadidesse jpm.<\/p>","protected":false},"excerpt":{"rendered":"<p>Habanero, tuntud ka kui ka Havana t\u0161illi, on \u00fcks teravaimatest t\u0161illidest. Sobib lisamiseks k\u00f5ikidele toitudele kuhu on soov v\u00fcrtsikust anda.<\/p>","protected":false},"featured_media":354,"template":"","meta":[],"product_brand":[],"product_cat":[338],"product_tag":[],"class_list":{"0":"post-323","1":"product","2":"type-product","3":"status-publish","4":"has-post-thumbnail","6":"product_cat-puhtad-maitsed","8":"first","9":"instock","10":"taxable","11":"shipping-taxable","12":"purchasable","13":"product-type-simple"},"_links":{"self":[{"href":"https:\/\/pipraveski.ee\/en\/wp-json\/wp\/v2\/product\/323","targetHints":{"allow":["GET"]}}],"collection":[{"href":"https:\/\/pipraveski.ee\/en\/wp-json\/wp\/v2\/product"}],"about":[{"href":"https:\/\/pipraveski.ee\/en\/wp-json\/wp\/v2\/types\/product"}],"wp:featuredmedia":[{"embeddable":true,"href":"https:\/\/pipraveski.ee\/en\/wp-json\/wp\/v2\/media\/354"}],"wp:attachment":[{"href":"https:\/\/pipraveski.ee\/en\/wp-json\/wp\/v2\/media?parent=323"}],"wp:term":[{"taxonomy":"product_brand","embeddable":true,"href":"https:\/\/pipraveski.ee\/en\/wp-json\/wp\/v2\/product_brand?post=323"},{"taxonomy":"product_cat","embeddable":true,"href":"https:\/\/pipraveski.ee\/en\/wp-json\/wp\/v2\/product_cat?post=323"},{"taxonomy":"product_tag","embeddable":true,"href":"https:\/\/pipraveski.ee\/en\/wp-json\/wp\/v2\/product_tag?post=323"}],"curies":[{"name":"wp","href":"https:\/\/api.w.org\/{rel}","templated":true}]}}