{"id":322,"date":"2025-10-22T19:01:48","date_gmt":"2025-10-22T16:01:48","guid":{"rendered":"https:\/\/pipraveski.ee\/?post_type=product&#038;p=322"},"modified":"2026-04-17T11:32:51","modified_gmt":"2026-04-17T08:32:51","slug":"tsilliseemned-jalapeno-conchos-10tk","status":"publish","type":"product","link":"https:\/\/pipraveski.ee\/en\/product\/tsilliseemned-jalapeno-conchos-10tk\/","title":{"rendered":"Chilli seeds, Jalapeno Conchos, 10pcs"},"content":{"rendered":"<p>Taimed on v\u00e4ga saagikad ja neid saab koristada varem kui enamik teisi sorte. Seet\u00f5ttu sobivad nad avamaal kasvatamiseks. T\u0161illid on ilusad, s\u00fcdamekujulised kuni \u00fcmarad, u. 5 x 6 cm ja valmivad s\u00fcgavpunaseks. Neil on paks viljaliha ja mahe v\u00fcrtsikus. Need sobivad v\u00e4rskelt tarbimiseks, aga ka toiduvalmistamiseks, t\u00e4idiseks, grillimiseks ja marineerimiseks.<br \/>\n500 &#8211; 1.500 SHU<\/p>\n<p>Idanemistemperatuur on vahemikus 22\u201328\u00b0C (idanemisperiood 6\u201320 p\u00e4eva), seet\u00f5ttu on soovitatav kasutada kasvuhoonet ja k\u00fcttematti. Taimed vajavad v\u00e4rsket, h\u00e4sti v\u00e4etatud, vett l\u00e4bilaskvat mulda ega talu vettimist. Need tuleks istutada p\u00e4ikesepaistelisse, kaitstud kohta, kus on v\u00e4hemalt 6 tundi p\u00e4ikesevalgust \u2013 soovitavalt rohkem. Pane taimed \u00f5ue u. 2\u20133 n\u00e4dalat p\u00e4rast viimast k\u00fclma. Kui istutate need \u00f5ue, peaks taimede vahe olema 45 cm.<\/p>\n<p>\u00dcldinfo: Mehhikos asuva Jalapa (Veracruzi) linna j\u00e4rgi nime saanud t\u0161illi on \u00fcks tuntumaid ja populaarsemaid t\u0161illi Mehhikos ja Ameerika \u00dchendriikides. Jalapenod on populaarsed eelk\u00f5ige nende mahlase ja maitseka viljaliha t\u00f5ttu. Viljadel on sageli l\u00f5henenud, korgitud pind, mida mehhiklased peavad kvaliteediomaduseks. Valmimata jalape\u00f1od on rohelised ja valmides on neil v\u00f5imas punane v\u00e4rvus. Kui nad on rohelised, kipuvad jalape\u00f1odel m\u00f5nikord esinema tumedad laigud, mis kaovad, kui nad on punaseks k\u00fcpsenud. Jalape\u00f1od kuuluvad v\u00e4hestesse t\u0161illidesse, mis maitsevad h\u00e4sti ka siis, kui nad on rohelised ja k\u00fcpsed. Kui need on punaseks k\u00fcpsenud, omandab nende maitse meeldiva magususe.<\/p>","protected":false},"excerpt":{"rendered":"<p>Jalapeno Conchos Big Chili on Jalapeno sort, millel on eriti suured viljad.  <\/p>","protected":false},"featured_media":353,"template":"","meta":[],"product_brand":[],"product_cat":[329],"product_tag":[],"class_list":{"0":"post-322","1":"product","2":"type-product","3":"status-publish","4":"has-post-thumbnail","6":"product_cat-tsillikasvatus","8":"first","9":"instock","10":"taxable","11":"shipping-taxable","12":"purchasable","13":"product-type-simple"},"_links":{"self":[{"href":"https:\/\/pipraveski.ee\/en\/wp-json\/wp\/v2\/product\/322","targetHints":{"allow":["GET"]}}],"collection":[{"href":"https:\/\/pipraveski.ee\/en\/wp-json\/wp\/v2\/product"}],"about":[{"href":"https:\/\/pipraveski.ee\/en\/wp-json\/wp\/v2\/types\/product"}],"wp:featuredmedia":[{"embeddable":true,"href":"https:\/\/pipraveski.ee\/en\/wp-json\/wp\/v2\/media\/353"}],"wp:attachment":[{"href":"https:\/\/pipraveski.ee\/en\/wp-json\/wp\/v2\/media?parent=322"}],"wp:term":[{"taxonomy":"product_brand","embeddable":true,"href":"https:\/\/pipraveski.ee\/en\/wp-json\/wp\/v2\/product_brand?post=322"},{"taxonomy":"product_cat","embeddable":true,"href":"https:\/\/pipraveski.ee\/en\/wp-json\/wp\/v2\/product_cat?post=322"},{"taxonomy":"product_tag","embeddable":true,"href":"https:\/\/pipraveski.ee\/en\/wp-json\/wp\/v2\/product_tag?post=322"}],"curies":[{"name":"wp","href":"https:\/\/api.w.org\/{rel}","templated":true}]}}