{"id":321,"date":"2025-10-22T19:01:48","date_gmt":"2025-10-22T16:01:48","guid":{"rendered":"https:\/\/pipraveski.ee\/?post_type=product&#038;p=321"},"modified":"2026-04-17T11:32:50","modified_gmt":"2026-04-17T08:32:50","slug":"habanero-ketsup-395-ml","status":"publish","type":"product","link":"https:\/\/pipraveski.ee\/en\/product\/habanero-ketsup-395-ml\/","title":{"rendered":"Habanero Ketchup, 395 ml"},"content":{"rendered":"<p>Habanero t\u0161illipiprad on v\u00e4ga puuviljase maitsega ja on \u00fched kuumimad t\u0161illid maailmas. See gurmee ket\u0161up h\u00e4mmastab teid ja on igas k\u00fclmkapis oluline ese.<br \/>\nMaitseb suurep\u00e4raselt pastal v\u00f5i grillimispeo dipiks.<br \/>\n<strong>Meie parim n\u00e4pun\u00e4ide: <\/strong>lisage oma salatikastmele kriips Habanero ket\u0161upit, et saada natuke midagi kuuma ja magusat.<\/p>\n<p>\n<strong>Ingredients: <\/strong>Vesi, tomatipasta, habanero t\u0161illipipar, suhkur, gl\u00fckoos, sool, \u00e4\u00e4dikhape (happesuse regulaator), maisit\u00e4rklis, k\u00fc\u00fcslauk, sidrunhape (happesuse regulaator), sibul, askorbiinhape (antioks\u00fcdant), v\u00fcrtsid.<\/p>\n<p><strong>Nutrition information per 100g:<\/strong><br \/>\nEnergiasisaldus 451,33kJ \/ 108kcal<br \/>\nS\u00fcsivesikud 26,94g<br \/>\nmillest suhkrud 20,09g<br \/>\nRasvad 0,16g<br \/>\nmillest k\u00fcllastunud rasvhapped 0,03g<br \/>\nValgud 1,21g<br \/>\nSool 1,15g<\/p>\n<p>Country of origin: Germany<\/p>\n<p><strong>Storage:<\/strong> P\u00e4rast avamist v\u00f5ib toodet hoida v\u00e4hemalt 3 kuud, kui seda hoitakse temperatuuril alla 8 \u00b0C.<\/p>","protected":false},"excerpt":{"rendered":"<p>Meie chipotle ket\u0161upis on v\u00e4ga suur tomatite osakaal ja see on rafineeritud v\u00e4rskete tuliste habanero t\u0161illipipradega (17,6%).<\/p>","protected":false},"featured_media":352,"template":"","meta":[],"product_brand":[238],"product_cat":[317],"product_tag":[],"class_list":{"0":"post-321","1":"product","2":"type-product","3":"status-publish","4":"has-post-thumbnail","6":"product_brand-chili-food","7":"product_cat-kastmed-sinepid-tsatnid","9":"first","10":"instock","11":"taxable","12":"shipping-taxable","13":"purchasable","14":"product-type-simple"},"_links":{"self":[{"href":"https:\/\/pipraveski.ee\/en\/wp-json\/wp\/v2\/product\/321","targetHints":{"allow":["GET"]}}],"collection":[{"href":"https:\/\/pipraveski.ee\/en\/wp-json\/wp\/v2\/product"}],"about":[{"href":"https:\/\/pipraveski.ee\/en\/wp-json\/wp\/v2\/types\/product"}],"wp:featuredmedia":[{"embeddable":true,"href":"https:\/\/pipraveski.ee\/en\/wp-json\/wp\/v2\/media\/352"}],"wp:attachment":[{"href":"https:\/\/pipraveski.ee\/en\/wp-json\/wp\/v2\/media?parent=321"}],"wp:term":[{"taxonomy":"product_brand","embeddable":true,"href":"https:\/\/pipraveski.ee\/en\/wp-json\/wp\/v2\/product_brand?post=321"},{"taxonomy":"product_cat","embeddable":true,"href":"https:\/\/pipraveski.ee\/en\/wp-json\/wp\/v2\/product_cat?post=321"},{"taxonomy":"product_tag","embeddable":true,"href":"https:\/\/pipraveski.ee\/en\/wp-json\/wp\/v2\/product_tag?post=321"}],"curies":[{"name":"wp","href":"https:\/\/api.w.org\/{rel}","templated":true}]}}