{"id":319,"date":"2025-10-22T19:01:47","date_gmt":"2025-10-22T16:01:47","guid":{"rendered":"https:\/\/pipraveski.ee\/?post_type=product&#038;p=319"},"modified":"2026-04-17T11:32:32","modified_gmt":"2026-04-17T08:32:32","slug":"kreekapahklioli-hela-500ml","status":"publish","type":"product","link":"https:\/\/pipraveski.ee\/en\/product\/kreekapahklioli-hela-500ml\/","title":{"rendered":"Walnut oil, HELA, 500ml"},"content":{"rendered":"<p>R\u00f6stitud kreekaP\u00c4HKLITEST pressitud \u00f5li.<\/p>\n<p>Nutrition information per 100 g:<br \/>\nEnergiasisaldus: 3404 kJ \/ 828 kcal<br \/>\nRasvad 92 g<br \/>\nmillest k\u00fcllastunud rasvhapped 9.7 g<br \/>\nS\u00fcsivesikud 0,0 g<br \/>\nof which sugars 0,0 g<br \/>\nProtein 0,0 g<br \/>\nSool 0,0 g<\/p>","protected":false},"excerpt":{"rendered":"<p>R\u00f6stitud kreekap\u00e4hklitest pressitud \u00f5li<\/p>","protected":false},"featured_media":350,"template":"","meta":[],"product_brand":[244],"product_cat":[315],"product_tag":[],"class_list":{"0":"post-319","1":"product","2":"type-product","3":"status-publish","4":"has-post-thumbnail","6":"product_brand-hela","7":"product_cat-olid-rasvad","9":"first","10":"outofstock","11":"taxable","12":"shipping-taxable","13":"purchasable","14":"product-type-simple"},"_links":{"self":[{"href":"https:\/\/pipraveski.ee\/en\/wp-json\/wp\/v2\/product\/319","targetHints":{"allow":["GET"]}}],"collection":[{"href":"https:\/\/pipraveski.ee\/en\/wp-json\/wp\/v2\/product"}],"about":[{"href":"https:\/\/pipraveski.ee\/en\/wp-json\/wp\/v2\/types\/product"}],"wp:featuredmedia":[{"embeddable":true,"href":"https:\/\/pipraveski.ee\/en\/wp-json\/wp\/v2\/media\/350"}],"wp:attachment":[{"href":"https:\/\/pipraveski.ee\/en\/wp-json\/wp\/v2\/media?parent=319"}],"wp:term":[{"taxonomy":"product_brand","embeddable":true,"href":"https:\/\/pipraveski.ee\/en\/wp-json\/wp\/v2\/product_brand?post=319"},{"taxonomy":"product_cat","embeddable":true,"href":"https:\/\/pipraveski.ee\/en\/wp-json\/wp\/v2\/product_cat?post=319"},{"taxonomy":"product_tag","embeddable":true,"href":"https:\/\/pipraveski.ee\/en\/wp-json\/wp\/v2\/product_tag?post=319"}],"curies":[{"name":"wp","href":"https:\/\/api.w.org\/{rel}","templated":true}]}}