{"id":317,"date":"2025-10-22T19:01:47","date_gmt":"2025-10-22T16:01:47","guid":{"rendered":"https:\/\/pipraveski.ee\/?post_type=product&#038;p=317"},"modified":"2026-04-17T11:32:26","modified_gmt":"2026-04-17T08:32:26","slug":"piri-piri-vurtsisegu-50g","status":"publish","type":"product","link":"https:\/\/pipraveski.ee\/en\/product\/piri-piri-vurtsisegu-50g\/","title":{"rendered":"Piri-Piri spice mix, 50g"},"content":{"rendered":"<p>Koostisosad: t\u0161illi, meresool (27%), k\u00fc\u00fcslauk, paprika, oregano.<\/p>\n<p>Nutrition information per 100g<br \/>\nEnergiasisaldus 269J\/64kcal<br \/>\nRasvad 10,1g<br \/>\n&nbsp;of which saturated fatty acids 0,4g<br \/>\ns\u00fcsivesikuid 11,3g<br \/>\nkiudaineid 3,7g<br \/>\nvalgud 8,6g<br \/>\nsoola 27,6g<br \/>\nnaatrium&nbsp; 11,0g<\/p>\n<p>\n&nbsp;<\/p>","protected":false},"excerpt":{"rendered":"<p>Mahedamapoolsema maitsegasegu t\u0161illist ja \u00fcrtidest.<\/p>","protected":false},"featured_media":348,"template":"","meta":[],"product_brand":[],"product_cat":[307],"product_tag":[],"class_list":{"0":"post-317","1":"product","2":"type-product","3":"status-publish","4":"has-post-thumbnail","6":"product_cat-maitseainesegud","8":"first","9":"instock","10":"taxable","11":"shipping-taxable","12":"purchasable","13":"product-type-simple"},"_links":{"self":[{"href":"https:\/\/pipraveski.ee\/en\/wp-json\/wp\/v2\/product\/317","targetHints":{"allow":["GET"]}}],"collection":[{"href":"https:\/\/pipraveski.ee\/en\/wp-json\/wp\/v2\/product"}],"about":[{"href":"https:\/\/pipraveski.ee\/en\/wp-json\/wp\/v2\/types\/product"}],"wp:featuredmedia":[{"embeddable":true,"href":"https:\/\/pipraveski.ee\/en\/wp-json\/wp\/v2\/media\/348"}],"wp:attachment":[{"href":"https:\/\/pipraveski.ee\/en\/wp-json\/wp\/v2\/media?parent=317"}],"wp:term":[{"taxonomy":"product_brand","embeddable":true,"href":"https:\/\/pipraveski.ee\/en\/wp-json\/wp\/v2\/product_brand?post=317"},{"taxonomy":"product_cat","embeddable":true,"href":"https:\/\/pipraveski.ee\/en\/wp-json\/wp\/v2\/product_cat?post=317"},{"taxonomy":"product_tag","embeddable":true,"href":"https:\/\/pipraveski.ee\/en\/wp-json\/wp\/v2\/product_tag?post=317"}],"curies":[{"name":"wp","href":"https:\/\/api.w.org\/{rel}","templated":true}]}}