{"id":316,"date":"2025-10-22T19:01:47","date_gmt":"2025-10-22T16:01:47","guid":{"rendered":"https:\/\/pipraveski.ee\/?post_type=product&#038;p=316"},"modified":"2026-04-17T11:33:07","modified_gmt":"2026-04-17T08:33:07","slug":"kookoskreem-piim-18-chaokoh-1l","status":"publish","type":"product","link":"https:\/\/pipraveski.ee\/en\/product\/kookoskreem-piim-18-chaokoh-1l\/","title":{"rendered":"Coconut cream (milk), 18% Chaokoh, 1L"},"content":{"rendered":"<p>Kookospiim annab meeldiva l\u00f5hna ja pehmendab toitu.<\/p>\n<p><strong>Ingredients: <\/strong>70% kookoseekstrakt, vesi, emulgaator: E435<br \/>\nEnne kasutamist raputada. P\u00e4rast avamist hoida k\u00fclmas ning kasutada 3 p\u00e4eva jooksul.<br \/>\nAllergeenid &#8211; p\u00e4hklid<\/p>\n<p><strong>Nutrition information per 100 g:<\/strong><br \/>\nEnergiasisaldus 743 kJ\/&nbsp;<span style=\"font-size: 13px\">171 kcal<\/span><br \/>\nRasvad 18 g,<br \/>\nmillest k\u00fcllastunud rasvhapped 16 g<br \/>\nS\u00fcsivesikud&nbsp; 2,7 g<br \/>\nmillest suhkrud 1,4 g<br \/>\nValgud&nbsp; 1,7 g<br \/>\nSool 0,03 g<\/p>","protected":false},"excerpt":{"rendered":"<p>Kookospiim annab meeldiva l\u00f5hna ja pehmendab toitu. Koostisosad: 70% kookoseekstrakt, vesi, emulgaator: E435 Enne kasutamist raputada. P\u00e4rast avamist hoida k\u00fclmas ning kasutada 3 p\u00e4eva jooksul. Allergeenid &#8211; p\u00e4hklid Toitumisalane teave 100 g kohta: Energiasisaldus 743 kJ\/&nbsp;171 kcal Rasvad 18 g, millest k\u00fcllastunud rasvhapped 16 g S\u00fcsivesikud&nbsp; 2,7 g millest suhkrud 1,4 g Valgud&nbsp; 1,7 g [&hellip;]<\/p>\n","protected":false},"featured_media":347,"template":"","meta":[],"product_brand":[],"product_cat":[308],"product_tag":[],"class_list":{"0":"post-316","1":"product","2":"type-product","3":"status-publish","4":"has-post-thumbnail","6":"product_cat-maitseaine-pastad-kastmed","8":"first","9":"instock","10":"taxable","11":"shipping-taxable","12":"purchasable","13":"product-type-simple"},"_links":{"self":[{"href":"https:\/\/pipraveski.ee\/en\/wp-json\/wp\/v2\/product\/316","targetHints":{"allow":["GET"]}}],"collection":[{"href":"https:\/\/pipraveski.ee\/en\/wp-json\/wp\/v2\/product"}],"about":[{"href":"https:\/\/pipraveski.ee\/en\/wp-json\/wp\/v2\/types\/product"}],"wp:featuredmedia":[{"embeddable":true,"href":"https:\/\/pipraveski.ee\/en\/wp-json\/wp\/v2\/media\/347"}],"wp:attachment":[{"href":"https:\/\/pipraveski.ee\/en\/wp-json\/wp\/v2\/media?parent=316"}],"wp:term":[{"taxonomy":"product_brand","embeddable":true,"href":"https:\/\/pipraveski.ee\/en\/wp-json\/wp\/v2\/product_brand?post=316"},{"taxonomy":"product_cat","embeddable":true,"href":"https:\/\/pipraveski.ee\/en\/wp-json\/wp\/v2\/product_cat?post=316"},{"taxonomy":"product_tag","embeddable":true,"href":"https:\/\/pipraveski.ee\/en\/wp-json\/wp\/v2\/product_tag?post=316"}],"curies":[{"name":"wp","href":"https:\/\/api.w.org\/{rel}","templated":true}]}}