{"id":313,"date":"2025-10-22T19:01:47","date_gmt":"2025-10-22T16:01:47","guid":{"rendered":"https:\/\/pipraveski.ee\/?post_type=product&#038;p=313"},"modified":"2026-04-17T11:33:24","modified_gmt":"2026-04-17T08:33:24","slug":"teekarud-soo-voi-joo-leedri-ja-rabarberimaitsega-125g","status":"publish","type":"product","link":"https:\/\/pipraveski.ee\/en\/product\/teekarud-soo-voi-joo-leedri-ja-rabarberimaitsega-125g\/","title":{"rendered":"Tea cups \u201cEat or Drink\u201d with leek and rhubarb flavours, 125g"},"content":{"rendered":"<p>New sensational products in our range - TEEKARUDS<\/p>\n<p>Make them into a delicious tea or quench your sweet tooth.<\/p>\n<p>Place 2-3 teaspoons in a cup of boiled water.<\/p>\n<p>Koostisosad: Suhkur, gl\u00fckoosisiirup, \u017eelatiin, vesi, viinamarja mahla kontsentraat, hapestaja: sidrunhape, aroomid, viinamarjaekstrakt, taimeekstraktid (\u00f5un,&nbsp;<br \/>\nredis, kirsid, bataat), looduslikud puuviljasuhkrud, \u00f5unamahla kontsentraat, aprikoosimahla kontsentraat, pirnimahla kontsentraat, katteaine: palmivaha.<\/p>\n<p>Nutrition information per 100g:<br \/>\nEnergia 1507kJ \/ 355kcal<br \/>\nFat &lt;0,5g<br \/>\nof which saturated fatty acids 0,3g<br \/>\nS\u00fcsivesikud 82g<br \/>\nof which sugars 72g<br \/>\nValk 4,8g<br \/>\nSool 0,08g<\/p>","protected":false},"excerpt":{"rendered":"<p>Uued sensatsioonilised tooted meie sortimendis &#8211; TEEKARUD Valmista neist maitsev tee v\u00f5i kustuta magusaisu. Aseta 2-3 teekaru \u00fchte tassi keedetud vette Koostisosad: Suhkur, gl\u00fckoosisiirup, \u017eelatiin, vesi, viinamarja mahla kontsentraat, hapestaja: sidrunhape, aroomid, viinamarjaekstrakt, taimeekstraktid (\u00f5un,&nbsp; redis, kirsid, bataat), looduslikud puuviljasuhkrud, \u00f5unamahla kontsentraat, aprikoosimahla kontsentraat, pirnimahla kontsentraat, katteaine: palmivaha. Toitumisalane teave 100g kohta: Energia 1507kJ \/ [&hellip;]<\/p>\n","protected":false},"featured_media":344,"template":"","meta":[],"product_brand":[],"product_cat":[327],"product_tag":[],"class_list":{"0":"post-313","1":"product","2":"type-product","3":"status-publish","4":"has-post-thumbnail","6":"product_cat-kohv-tee","8":"first","9":"outofstock","10":"taxable","11":"shipping-taxable","12":"purchasable","13":"product-type-simple"},"_links":{"self":[{"href":"https:\/\/pipraveski.ee\/en\/wp-json\/wp\/v2\/product\/313","targetHints":{"allow":["GET"]}}],"collection":[{"href":"https:\/\/pipraveski.ee\/en\/wp-json\/wp\/v2\/product"}],"about":[{"href":"https:\/\/pipraveski.ee\/en\/wp-json\/wp\/v2\/types\/product"}],"wp:featuredmedia":[{"embeddable":true,"href":"https:\/\/pipraveski.ee\/en\/wp-json\/wp\/v2\/media\/344"}],"wp:attachment":[{"href":"https:\/\/pipraveski.ee\/en\/wp-json\/wp\/v2\/media?parent=313"}],"wp:term":[{"taxonomy":"product_brand","embeddable":true,"href":"https:\/\/pipraveski.ee\/en\/wp-json\/wp\/v2\/product_brand?post=313"},{"taxonomy":"product_cat","embeddable":true,"href":"https:\/\/pipraveski.ee\/en\/wp-json\/wp\/v2\/product_cat?post=313"},{"taxonomy":"product_tag","embeddable":true,"href":"https:\/\/pipraveski.ee\/en\/wp-json\/wp\/v2\/product_tag?post=313"}],"curies":[{"name":"wp","href":"https:\/\/api.w.org\/{rel}","templated":true}]}}