{"id":312,"date":"2025-10-22T19:01:47","date_gmt":"2025-10-22T16:01:47","guid":{"rendered":"https:\/\/pipraveski.ee\/?post_type=product&#038;p=312"},"modified":"2026-04-17T11:33:16","modified_gmt":"2026-04-17T08:33:16","slug":"kala-maitseainesegu-delikatess-200g","status":"publish","type":"product","link":"https:\/\/pipraveski.ee\/en\/product\/kala-maitseainesegu-delikatess-200g\/","title":{"rendered":"Fish seasoning mix \u201cDelikatess\u201d, HELA, 200g"},"content":{"rendered":"<p>A salty, herby, rich blend of flavours. For use in fish frying, grilling and steaming. Add to taste.<\/p>\n<p>Ingredients: salt (partially iodised), flavour enhancer: E621, dextrose, fish stock pellets (10%), stock pellets, onion, acidity regulator citric acid, pepper, hydrogenated palm oil, herbs, spices (incl. SELLER).<br \/>\nContains PISCES, FISH, CREAM, SHELLFISH.<br \/>\n<strong>Suuremat pakendit soovides ootame teie e-kirja aadressile myyk@pipraveski.ee<\/strong><\/p>","protected":false},"excerpt":{"rendered":"<p>Soolane, \u00fcrdine, rikkalik maitseainesegu. Kasutamiseks kala praadimisel, grillimisel ja aurutamisel. Lisada maitse j\u00e4rgi. Koostisosad: sool (osaliselt jodeeritud), maitsetugevdaja: E621, dekstroos, kalapuljongi graanulid (10%), puljongigraanulid, sibul, happesuse regulaator sidrunhape, pipar, h\u00fcdrogeenitud palmirasv, \u00fcrdid, v\u00fcrtsid (sh. SELLER). Sisaldab NISU, KALA, KREVETTE, RANNAKARPE. Suuremat pakendit soovides ootame teie e-kirja aadressile myyk@pipraveski.ee<\/p>","protected":false},"featured_media":342,"template":"","meta":[],"product_brand":[],"product_cat":[307],"product_tag":[],"class_list":{"0":"post-312","1":"product","2":"type-product","3":"status-publish","4":"has-post-thumbnail","6":"product_cat-maitseainesegud","8":"first","9":"instock","10":"taxable","11":"shipping-taxable","12":"purchasable","13":"product-type-simple"},"_links":{"self":[{"href":"https:\/\/pipraveski.ee\/en\/wp-json\/wp\/v2\/product\/312","targetHints":{"allow":["GET"]}}],"collection":[{"href":"https:\/\/pipraveski.ee\/en\/wp-json\/wp\/v2\/product"}],"about":[{"href":"https:\/\/pipraveski.ee\/en\/wp-json\/wp\/v2\/types\/product"}],"wp:featuredmedia":[{"embeddable":true,"href":"https:\/\/pipraveski.ee\/en\/wp-json\/wp\/v2\/media\/342"}],"wp:attachment":[{"href":"https:\/\/pipraveski.ee\/en\/wp-json\/wp\/v2\/media?parent=312"}],"wp:term":[{"taxonomy":"product_brand","embeddable":true,"href":"https:\/\/pipraveski.ee\/en\/wp-json\/wp\/v2\/product_brand?post=312"},{"taxonomy":"product_cat","embeddable":true,"href":"https:\/\/pipraveski.ee\/en\/wp-json\/wp\/v2\/product_cat?post=312"},{"taxonomy":"product_tag","embeddable":true,"href":"https:\/\/pipraveski.ee\/en\/wp-json\/wp\/v2\/product_tag?post=312"}],"curies":[{"name":"wp","href":"https:\/\/api.w.org\/{rel}","templated":true}]}}