{"id":311,"date":"2025-10-22T19:01:47","date_gmt":"2025-10-22T16:01:47","guid":{"rendered":"https:\/\/pipraveski.ee\/?post_type=product&#038;p=311"},"modified":"2026-04-17T11:32:53","modified_gmt":"2026-04-17T08:32:53","slug":"sriracha-tsillikaste-piparmundiga-flying-goose-200ml","status":"publish","type":"product","link":"https:\/\/pipraveski.ee\/en\/product\/sriracha-tsillikaste-piparmundiga-flying-goose-200ml\/","title":{"rendered":"Sriracha chilli sauce with mint, Flying Goose, 200ml"},"content":{"rendered":"<p>Maailma eri piirkondades toodetakse palju erinevaid t\u0161illikastmeid, olenevalt kasutatavatest koostisosadest ja valmistusviisist. Aasias, eriti Hiinas, Tais ja Kagu-Aasias, kasutatakse seda sageli maitseainena praetud nuudli- ja riisiroogades, dipikastmena kevadrullides ja muudes eelroogades ning koostisosana suppides ja karrides.<\/p>\n<p>Koostisosad:&nbsp;T\u0161illi 61%, suhkur, sool, piparm\u00fcndipulber 3%, k\u00fc\u00fcslauk, vesi, happesuse regulaatorid: E260, E330, maitsetugevdaja: E621, looduslik piparm\u00fcndimaitse, paksendaja: E415, s\u00e4ilitusaine: E202<\/p>\n<p><span style=\"font-size: 13px\">Nutrition information per 100g:<\/span><br style=\"font-size: 13px\" \/><br \/>\n<span style=\"font-size: 13px\">Energiasisaldus 666 kJ \/ 158 kcal<\/span><br style=\"font-size: 13px\" \/><br \/>\n<span style=\"font-size: 13px\">Rasvad 2g<\/span><br style=\"font-size: 13px\" \/><br \/>\n<span style=\"font-size: 13px\">of which saturated fatty acids 0,3g<\/span><br style=\"font-size: 13px\" \/><br \/>\n<span style=\"font-size: 13px\">Carbohydrates 31 g<\/span><br style=\"font-size: 13px\" \/><br \/>\n<span style=\"font-size: 13px\">millest suhkrud 27 g<\/span><br style=\"font-size: 13px\" \/><br \/>\n<span style=\"font-size: 13px\">Valgud 2,3 g<\/span><br style=\"font-size: 13px\" \/><br \/>\n<span style=\"font-size: 13px\">Salt 8,4 g<\/span><\/p>\n<p>Country of origin: Thailand<\/p>","protected":false},"excerpt":{"rendered":"<p>Flying Goose Sriracha Chili Mint on v\u00e4rske m\u00fcndise puudutusega tuline t\u0161illikaste. Sobib eriti h\u00e4sti erinevate Aasia roogadega.<\/p>","protected":false},"featured_media":341,"template":"","meta":[],"product_brand":[],"product_cat":[317],"product_tag":[],"class_list":{"0":"post-311","1":"product","2":"type-product","3":"status-publish","4":"has-post-thumbnail","6":"product_cat-kastmed-sinepid-tsatnid","8":"first","9":"instock","10":"sale","11":"taxable","12":"shipping-taxable","13":"purchasable","14":"product-type-simple"},"_links":{"self":[{"href":"https:\/\/pipraveski.ee\/en\/wp-json\/wp\/v2\/product\/311","targetHints":{"allow":["GET"]}}],"collection":[{"href":"https:\/\/pipraveski.ee\/en\/wp-json\/wp\/v2\/product"}],"about":[{"href":"https:\/\/pipraveski.ee\/en\/wp-json\/wp\/v2\/types\/product"}],"wp:featuredmedia":[{"embeddable":true,"href":"https:\/\/pipraveski.ee\/en\/wp-json\/wp\/v2\/media\/341"}],"wp:attachment":[{"href":"https:\/\/pipraveski.ee\/en\/wp-json\/wp\/v2\/media?parent=311"}],"wp:term":[{"taxonomy":"product_brand","embeddable":true,"href":"https:\/\/pipraveski.ee\/en\/wp-json\/wp\/v2\/product_brand?post=311"},{"taxonomy":"product_cat","embeddable":true,"href":"https:\/\/pipraveski.ee\/en\/wp-json\/wp\/v2\/product_cat?post=311"},{"taxonomy":"product_tag","embeddable":true,"href":"https:\/\/pipraveski.ee\/en\/wp-json\/wp\/v2\/product_tag?post=311"}],"curies":[{"name":"wp","href":"https:\/\/api.w.org\/{rel}","templated":true}]}}