{"id":307,"date":"2025-10-22T19:01:47","date_gmt":"2025-10-22T16:01:47","guid":{"rendered":"https:\/\/pipraveski.ee\/?post_type=product&#038;p=307"},"modified":"2026-04-17T11:31:57","modified_gmt":"2026-04-17T08:31:57","slug":"lavendel-40g","status":"publish","type":"product","link":"https:\/\/pipraveski.ee\/en\/product\/lavendel-40g\/","title":{"rendered":"Lavender, HELA, 40g"},"content":{"rendered":"<p><span style=\"font-size:14px\"><span style=\"font-family: Montserrat, sans-serif\">Lavender works well with horseradish, sage and dill on fresh salads,&nbsp;<\/span><span style=\"font-family: Montserrat, sans-serif\">fish and fried meat. As lavender has a strong aroma, it can also be used in pastries, creams and gourmet dishes.<br \/>\nLavender has calming and antiseptic properties and can be used to treat insomnia, irritation, bloating and colic.<\/span><\/span><\/p>","protected":false},"excerpt":{"rendered":"<p>Lavendel sobib h\u00e4sti koos piparrohu, salvei ja tilliga v\u00e4rsketele salatitele,&nbsp;kalale ja praetud lihale. Kuna lavendlil on tugev aroom, siis teda v\u00f5ib kasutada ka k\u00fcpsetistes, kreemides ja gurmeeroogades. Lavendlil on rahustavad ja antiseptilised omadused ning temaga saab ravida unetust, \u00e4rritust, puhitusi ja koolikuid.<\/p>","protected":false},"featured_media":338,"template":"","meta":[],"product_brand":[244],"product_cat":[306],"product_tag":[],"class_list":{"0":"post-307","1":"product","2":"type-product","3":"status-publish","4":"has-post-thumbnail","6":"product_brand-hela","7":"product_cat-dekoor","9":"first","10":"instock","11":"taxable","12":"shipping-taxable","13":"purchasable","14":"product-type-simple"},"_links":{"self":[{"href":"https:\/\/pipraveski.ee\/en\/wp-json\/wp\/v2\/product\/307","targetHints":{"allow":["GET"]}}],"collection":[{"href":"https:\/\/pipraveski.ee\/en\/wp-json\/wp\/v2\/product"}],"about":[{"href":"https:\/\/pipraveski.ee\/en\/wp-json\/wp\/v2\/types\/product"}],"wp:featuredmedia":[{"embeddable":true,"href":"https:\/\/pipraveski.ee\/en\/wp-json\/wp\/v2\/media\/338"}],"wp:attachment":[{"href":"https:\/\/pipraveski.ee\/en\/wp-json\/wp\/v2\/media?parent=307"}],"wp:term":[{"taxonomy":"product_brand","embeddable":true,"href":"https:\/\/pipraveski.ee\/en\/wp-json\/wp\/v2\/product_brand?post=307"},{"taxonomy":"product_cat","embeddable":true,"href":"https:\/\/pipraveski.ee\/en\/wp-json\/wp\/v2\/product_cat?post=307"},{"taxonomy":"product_tag","embeddable":true,"href":"https:\/\/pipraveski.ee\/en\/wp-json\/wp\/v2\/product_tag?post=307"}],"curies":[{"name":"wp","href":"https:\/\/api.w.org\/{rel}","templated":true}]}}