{"id":306,"date":"2025-10-22T19:01:47","date_gmt":"2025-10-22T16:01:47","guid":{"rendered":"https:\/\/pipraveski.ee\/?post_type=product&#038;p=306"},"modified":"2026-04-17T11:33:07","modified_gmt":"2026-04-17T08:33:07","slug":"mungoad-rohelised-alibaba-2kg","status":"publish","type":"product","link":"https:\/\/pipraveski.ee\/en\/product\/mungoad-rohelised-alibaba-2kg\/","title":{"rendered":"Mung beans, green, AliBaba, 2kg"},"content":{"rendered":"<p>Mungoad on kergelt magusa, p\u00e4hklise maitsega ja nende toitev\u00e4\u00e4rtus on muljetavaldav. Mungoad on suurep\u00e4rane kiudainete allikas.<br \/>\nKoostisained: 100% mungoad<\/p>\n<p>Country of origin: India<\/p>","protected":false},"excerpt":{"rendered":"<p>Mungoad on kergelt magusa, p\u00e4hklise maitsega ja nende toitev\u00e4\u00e4rtus on muljetavaldav. Mungoad on suurep\u00e4rane kiudainete allikas. Koostisained: 100% mungoad P\u00e4ritolumaa: India<\/p>","protected":false},"featured_media":336,"template":"","meta":[],"product_brand":[],"product_cat":[319],"product_tag":[],"class_list":{"0":"post-306","1":"product","2":"type-product","3":"status-publish","4":"has-post-thumbnail","6":"product_cat-laatsed-oad-terad","8":"first","9":"instock","10":"taxable","11":"shipping-taxable","12":"purchasable","13":"product-type-simple"},"_links":{"self":[{"href":"https:\/\/pipraveski.ee\/en\/wp-json\/wp\/v2\/product\/306","targetHints":{"allow":["GET"]}}],"collection":[{"href":"https:\/\/pipraveski.ee\/en\/wp-json\/wp\/v2\/product"}],"about":[{"href":"https:\/\/pipraveski.ee\/en\/wp-json\/wp\/v2\/types\/product"}],"wp:featuredmedia":[{"embeddable":true,"href":"https:\/\/pipraveski.ee\/en\/wp-json\/wp\/v2\/media\/336"}],"wp:attachment":[{"href":"https:\/\/pipraveski.ee\/en\/wp-json\/wp\/v2\/media?parent=306"}],"wp:term":[{"taxonomy":"product_brand","embeddable":true,"href":"https:\/\/pipraveski.ee\/en\/wp-json\/wp\/v2\/product_brand?post=306"},{"taxonomy":"product_cat","embeddable":true,"href":"https:\/\/pipraveski.ee\/en\/wp-json\/wp\/v2\/product_cat?post=306"},{"taxonomy":"product_tag","embeddable":true,"href":"https:\/\/pipraveski.ee\/en\/wp-json\/wp\/v2\/product_tag?post=306"}],"curies":[{"name":"wp","href":"https:\/\/api.w.org\/{rel}","templated":true}]}}