{"id":305,"date":"2025-10-22T19:01:47","date_gmt":"2025-10-22T16:01:47","guid":{"rendered":"https:\/\/pipraveski.ee\/?post_type=product&#038;p=305"},"modified":"2026-04-17T11:32:07","modified_gmt":"2026-04-17T08:32:07","slug":"mad-dog-357-reaper-puree-56g","status":"publish","type":"product","link":"https:\/\/pipraveski.ee\/en\/product\/mad-dog-357-reaper-puree-56g\/","title":{"rendered":"Mad Dog, 357, Reaper puree, 56g"},"content":{"rendered":"<p>This product is extremely spicy and should be kept out of the reach of children and people intolerant to spices. For use only in highly diluted form!<br \/>\nMaksimaalne kogus p\u00e4evas: 14 grammi (ca 1 tl). \u00dcleannustamise v\u00f5i ebamugavustunde korral jooge v\u00e4hemalt 250 ml piima, et neutraliseerida kuumus suus, ninaneelu piirkonnas ja maos.<\/p>\n<p><strong>Ingredients:<\/strong> Reaper paprika, valge destilleeritud \u00e4\u00e4dikas.<\/p>\n<p><strong>Storage:<\/strong> p\u00e4rast avamist v\u00f5ib toodet s\u00e4ilitada v\u00e4hemalt 6 kuud, kui seda hoitakse temperatuuril alla 7\u00b0C.<\/p>","protected":false},"excerpt":{"rendered":"<p>See piprap\u00fcree on puhas kuumus, t\u00e4ites vaprate hinge uskumatu hirmuga.<\/p>","protected":false},"featured_media":335,"template":"","meta":[],"product_brand":[238],"product_cat":[308],"product_tag":[],"class_list":{"0":"post-305","1":"product","2":"type-product","3":"status-publish","4":"has-post-thumbnail","6":"product_brand-chili-food","7":"product_cat-maitseaine-pastad-kastmed","9":"first","10":"outofstock","11":"taxable","12":"shipping-taxable","13":"purchasable","14":"product-type-simple"},"_links":{"self":[{"href":"https:\/\/pipraveski.ee\/en\/wp-json\/wp\/v2\/product\/305","targetHints":{"allow":["GET"]}}],"collection":[{"href":"https:\/\/pipraveski.ee\/en\/wp-json\/wp\/v2\/product"}],"about":[{"href":"https:\/\/pipraveski.ee\/en\/wp-json\/wp\/v2\/types\/product"}],"wp:featuredmedia":[{"embeddable":true,"href":"https:\/\/pipraveski.ee\/en\/wp-json\/wp\/v2\/media\/335"}],"wp:attachment":[{"href":"https:\/\/pipraveski.ee\/en\/wp-json\/wp\/v2\/media?parent=305"}],"wp:term":[{"taxonomy":"product_brand","embeddable":true,"href":"https:\/\/pipraveski.ee\/en\/wp-json\/wp\/v2\/product_brand?post=305"},{"taxonomy":"product_cat","embeddable":true,"href":"https:\/\/pipraveski.ee\/en\/wp-json\/wp\/v2\/product_cat?post=305"},{"taxonomy":"product_tag","embeddable":true,"href":"https:\/\/pipraveski.ee\/en\/wp-json\/wp\/v2\/product_tag?post=305"}],"curies":[{"name":"wp","href":"https:\/\/api.w.org\/{rel}","templated":true}]}}