{"id":2968,"date":"2025-10-22T19:12:27","date_gmt":"2025-10-22T16:12:27","guid":{"rendered":"https:\/\/pipraveski.ee\/?post_type=product&#038;p=2968"},"modified":"2026-04-17T11:31:41","modified_gmt":"2026-04-17T08:31:41","slug":"salsa-pain-100-440g","status":"publish","type":"product","link":"https:\/\/pipraveski.ee\/en\/product\/salsa-pain-100-440g\/","title":{"rendered":"Salsa, Pain 100% 440g"},"content":{"rendered":"<p>Meeldivalt valus kogemus.&nbsp;<br \/>\nLeidub t\u0161illis\u00f5pru, kes v\u00e4idavad, et mida rohkem valu, seda parem maitse. J\u00e4tame teie otsustada!<\/p>\n<p><strong><span style=\"font-size:14px\">Ingredients:<\/span><\/strong>&nbsp;<span style=\"font-size:14px\"><span style=\"font-family: Roboto, sans-serif\">Tomatid (tomatid, tomatimahl, sidrunhape, kaltsiumkloriid), vesi, habanero piprad, tomatipasta, rohelised t\u0161illid (rohelised t\u0161illid, sool, sidrunhape), jalape\u00f1o piprad, v\u00fcrtsid, sool, k\u00fc\u00fcslaugupulber, sibulapulber, oliivi\u00f5li, must pipar, destilleeritud \u00e4\u00e4dikas.<br \/>\n<strong>Allergens:<\/strong>&nbsp;SINEP<\/p>\n<p>Nutrition information per 100g<br \/>\nEnergiasisaldus 146kJ \/ 35kcal&nbsp;<br \/>\nFats 0 g<br \/>\nK\u00fcllastunud rasvhappeid 0 g<br \/>\nS\u00fcsivesikuid 10,0 g<br \/>\nSuhkruid 4,0 g<br \/>\nProtein 0,0 g<br \/>\nSool 1,5 g<\/p>\n<p><strong>S\u00e4ilivus:<\/strong>Tootel tr\u00fckitud aegumiskuup\u00e4ev viitab avamata tootele, mis on hoitud toatemperatuuril. P\u00e4rast avamist v\u00f5ib toodet hoida v\u00e4hemalt 6 kuud, kui seda hoida alla 7\u00b0C.<\/span><\/span><\/p>","protected":false},"excerpt":{"rendered":"<p>V\u00e4ga terav ja 100% looduslik salsa, 4 070 Scoville&#8217;i \u00fchikut<\/p>","protected":false},"featured_media":3000,"template":"","meta":[],"product_brand":[],"product_cat":[323],"product_tag":[],"class_list":{"0":"post-2968","1":"product","2":"type-product","3":"status-publish","4":"has-post-thumbnail","6":"product_cat-konservid","8":"first","9":"instock","10":"taxable","11":"shipping-taxable","12":"purchasable","13":"product-type-simple"},"_links":{"self":[{"href":"https:\/\/pipraveski.ee\/en\/wp-json\/wp\/v2\/product\/2968","targetHints":{"allow":["GET"]}}],"collection":[{"href":"https:\/\/pipraveski.ee\/en\/wp-json\/wp\/v2\/product"}],"about":[{"href":"https:\/\/pipraveski.ee\/en\/wp-json\/wp\/v2\/types\/product"}],"wp:featuredmedia":[{"embeddable":true,"href":"https:\/\/pipraveski.ee\/en\/wp-json\/wp\/v2\/media\/3000"}],"wp:attachment":[{"href":"https:\/\/pipraveski.ee\/en\/wp-json\/wp\/v2\/media?parent=2968"}],"wp:term":[{"taxonomy":"product_brand","embeddable":true,"href":"https:\/\/pipraveski.ee\/en\/wp-json\/wp\/v2\/product_brand?post=2968"},{"taxonomy":"product_cat","embeddable":true,"href":"https:\/\/pipraveski.ee\/en\/wp-json\/wp\/v2\/product_cat?post=2968"},{"taxonomy":"product_tag","embeddable":true,"href":"https:\/\/pipraveski.ee\/en\/wp-json\/wp\/v2\/product_tag?post=2968"}],"curies":[{"name":"wp","href":"https:\/\/api.w.org\/{rel}","templated":true}]}}