{"id":2967,"date":"2025-10-22T19:12:27","date_gmt":"2025-10-22T16:12:27","guid":{"rendered":"https:\/\/pipraveski.ee\/?post_type=product&#038;p=2967"},"modified":"2026-04-17T11:32:43","modified_gmt":"2026-04-17T08:32:43","slug":"kaste-marie-sharps-habanero-296ml","status":"publish","type":"product","link":"https:\/\/pipraveski.ee\/en\/product\/kaste-marie-sharps-habanero-296ml\/","title":{"rendered":"Sauce, Marie Sharps, Habanero, 296ml"},"content":{"rendered":"<p><span style=\"font-size:14px\"><span style=\", sans-serif\">Marie Sharp on kuumade kastmete grande dame. 1980. aastate alguses hakkas ta Belize&#8217;is maiade m\u00e4gede jalamil asuva talu verandal komponeerima esimesi habanero kastmeid. Samal ajal on nende kastmed kogu maailmas v\u00e4ga armastatud. Kastmed ei sisalda kunstlikke lisaaineid ja on valmistatud eranditult k\u00e4sitsi looduslikest koostisosadest.<\/span><\/p>\n<p><span style=\"font-family: Roboto, sans-serif\"><strong>Usage: <\/strong>Sobib punase liha, omlettide, pasta, vormiroogade, friikartulite, pitsa, guacamole ja salsa, keedetud munade, Bloody Mary ja paljude teiste roogade juurde.<\/p>\n<p><strong>Ingredients<\/strong>: Punased habanero t\u0161illid, \u00e4\u00e4dikas, porgand, sool, sibul, tomatid, k\u00fc\u00fcslauk, SINEP<\/span><br style=\"font-family: Roboto, sans-serif;font-size: 18px\" \/><br \/>\n<span style=\"font-family: Roboto, sans-serif\"><strong>Teadaolevad allergeenid:<\/strong> sinep.<\/p>\n<p>Nutrition information per 100g<br \/>\nEnergiasisaldus 108kJ \/27 kcal&nbsp;<\/span><br style=\"font-family: Roboto, sans-serif;font-size: 18px\" \/><br \/>\n<span style=\"font-family: Roboto, sans-serif\">Rasvad 0,6 g<br \/>\nK\u00fcllastunud rasvhappedid 0 g<br \/>\nS\u00fcsivesikuid 4,4 g<br \/>\nSuhkruid 0 g<br \/>\nProtein 1g<br \/>\nSool 4,1 g<\/span><\/span><\/p>\n<h4 style=\"line-height: 1.625rem;margin: 0.625rem 0rem;, sans-serif;font-weight: 700;font-size: 1rem\">&nbsp;<\/h4>","protected":false},"excerpt":{"rendered":"<p>Marie Sharp on kuumade kastmete grande dame. 1980. aastate alguses hakkas ta Belize&#8217;is maiade m\u00e4gede jalamil asuva talu verandal komponeerima esimesi habanero kastmeid. Samal ajal on nende kastmed kogu maailmas v\u00e4ga armastatud. Kastmed ei sisalda kunstlikke lisaaineid ja on valmistatud eranditult k\u00e4sitsi looduslikest koostisosadest. Kasutamine: Sobib punase liha, omlettide, pasta, vormiroogade, friikartulite, pitsa, guacamole ja [&hellip;]<\/p>\n","protected":false},"featured_media":0,"template":"","meta":[],"product_brand":[],"product_cat":[302],"product_tag":[],"class_list":{"0":"post-2967","1":"product","2":"type-product","3":"status-publish","5":"product_cat-marinaadid-kastmed-pastad","7":"first","8":"instock","9":"taxable","10":"shipping-taxable","11":"purchasable","12":"product-type-simple"},"_links":{"self":[{"href":"https:\/\/pipraveski.ee\/en\/wp-json\/wp\/v2\/product\/2967","targetHints":{"allow":["GET"]}}],"collection":[{"href":"https:\/\/pipraveski.ee\/en\/wp-json\/wp\/v2\/product"}],"about":[{"href":"https:\/\/pipraveski.ee\/en\/wp-json\/wp\/v2\/types\/product"}],"wp:attachment":[{"href":"https:\/\/pipraveski.ee\/en\/wp-json\/wp\/v2\/media?parent=2967"}],"wp:term":[{"taxonomy":"product_brand","embeddable":true,"href":"https:\/\/pipraveski.ee\/en\/wp-json\/wp\/v2\/product_brand?post=2967"},{"taxonomy":"product_cat","embeddable":true,"href":"https:\/\/pipraveski.ee\/en\/wp-json\/wp\/v2\/product_cat?post=2967"},{"taxonomy":"product_tag","embeddable":true,"href":"https:\/\/pipraveski.ee\/en\/wp-json\/wp\/v2\/product_tag?post=2967"}],"curies":[{"name":"wp","href":"https:\/\/api.w.org\/{rel}","templated":true}]}}