{"id":2966,"date":"2025-10-22T19:12:27","date_gmt":"2025-10-22T16:12:27","guid":{"rendered":"https:\/\/pipraveski.ee\/?post_type=product&#038;p=2966"},"modified":"2026-04-17T11:32:53","modified_gmt":"2026-04-17T08:32:53","slug":"chipotle-pineapple-hot-sauce-crazy-bastard-200ml","status":"publish","type":"product","link":"https:\/\/pipraveski.ee\/en\/product\/chipotle-pineapple-hot-sauce-crazy-bastard-200ml\/","title":{"rendered":"Chipotle &amp; Pineapple Hot Sauce Crazy Bastard, 200ml"},"content":{"rendered":"<p>Tugevusastmega 5 ja Scoville&#8217;i v\u00e4\u00e4rtusega umbes 10 000 SHU kuulub see keskmise teravusega t\u0161illikastmete hulka.<br \/>\nSee kaste sobib v\u00e4ga h\u00e4sti v\u00f5ileibade, burgerite ja takodega, kebabide v\u00f5i lihtsalt pastaga.<\/p>\n<p>Koostisosad:&nbsp;Sibul, paprika, ananass (17%), valge veini\u00e4\u00e4dikas, punased jalape\u00f1od, laim, chipotle t\u0161illid (1,7%), oliivi\u00f5li, sool<\/p>\n<p><span style=\"font-size: 13px\">Nutrition information per 100 g:<\/span><br style=\"font-size: 13px\" \/><br \/>\n<span style=\"font-size: 13px\">Energiasisaldus 255kJ \/ 61kcal<\/span><br style=\"font-size: 13px\" \/><br \/>\n<span style=\"font-size: 13px\">Rasvad 0,9g<\/span><br style=\"font-size: 13px\" \/><br \/>\n<span style=\"font-size: 13px\">of which unsaturated fatty acids 0,1g<\/span><br style=\"font-size: 13px\" \/><br \/>\n<span style=\"font-size: 13px\">Carbohydrates 11g<\/span><br style=\"font-size: 13px\" \/><br \/>\n<span style=\"font-size: 13px\">Suhkruid 9,5g<\/span><br style=\"font-size: 13px\" \/><br \/>\n<span style=\"font-size: 13px\">Valgud 1,4g<\/span><br style=\"font-size: 13px\" \/><br \/>\n<span style=\"font-size: 13px\">Sool 0,11g<\/p>\n<p>Country of origin: Germany<\/span><\/p>","protected":false},"excerpt":{"rendered":"<p>Crazy Bastard Chipotle &amp; Ananassi tuline kaste on valmistatud Mehhiko stiilis suitsutatud chipotle t\u0161illidega ja rikastatud magusa v\u00e4rske ananassiga.<\/p>","protected":false},"featured_media":2998,"template":"","meta":[],"product_brand":[],"product_cat":[302],"product_tag":[],"class_list":{"0":"post-2966","1":"product","2":"type-product","3":"status-publish","4":"has-post-thumbnail","6":"product_cat-marinaadid-kastmed-pastad","8":"first","9":"outofstock","10":"taxable","11":"shipping-taxable","12":"purchasable","13":"product-type-simple"},"_links":{"self":[{"href":"https:\/\/pipraveski.ee\/en\/wp-json\/wp\/v2\/product\/2966","targetHints":{"allow":["GET"]}}],"collection":[{"href":"https:\/\/pipraveski.ee\/en\/wp-json\/wp\/v2\/product"}],"about":[{"href":"https:\/\/pipraveski.ee\/en\/wp-json\/wp\/v2\/types\/product"}],"wp:featuredmedia":[{"embeddable":true,"href":"https:\/\/pipraveski.ee\/en\/wp-json\/wp\/v2\/media\/2998"}],"wp:attachment":[{"href":"https:\/\/pipraveski.ee\/en\/wp-json\/wp\/v2\/media?parent=2966"}],"wp:term":[{"taxonomy":"product_brand","embeddable":true,"href":"https:\/\/pipraveski.ee\/en\/wp-json\/wp\/v2\/product_brand?post=2966"},{"taxonomy":"product_cat","embeddable":true,"href":"https:\/\/pipraveski.ee\/en\/wp-json\/wp\/v2\/product_cat?post=2966"},{"taxonomy":"product_tag","embeddable":true,"href":"https:\/\/pipraveski.ee\/en\/wp-json\/wp\/v2\/product_tag?post=2966"}],"curies":[{"name":"wp","href":"https:\/\/api.w.org\/{rel}","templated":true}]}}