{"id":2965,"date":"2025-10-22T19:12:27","date_gmt":"2025-10-22T16:12:27","guid":{"rendered":"https:\/\/pipraveski.ee\/?post_type=product&#038;p=2965"},"modified":"2026-04-17T11:32:50","modified_gmt":"2026-04-17T08:32:50","slug":"scotch-bonnet-hot-sauce-crazy-bastard-200ml","status":"publish","type":"product","link":"https:\/\/pipraveski.ee\/en\/product\/scotch-bonnet-hot-sauce-crazy-bastard-200ml\/","title":{"rendered":"Scotch Bonnet Hot Sauce Crazy Bastard, 200ml"},"content":{"rendered":"<p>Kariibi mere stiilis kaste, mille tulisusaste on 4 ja Scoville&#8217;i v\u00e4\u00e4rtusega umbes 7000 SHU kuulub see keskmise tugevusega t\u0161illikastmete hulka. Crazy Bastardi Scotch Bonnet Hot Sauce sobib h\u00e4sti bataadi, maisit\u00f5lviku, praetud jahubanaanide, grillkana, valge kala v\u00f5i riisi ja hernestega.<\/p>\n<p>Koostisained:&nbsp;Paprikad, sibulad, valge veini\u00e4\u00e4dikas, Scotch Bonnet t\u0161illid (13%), ingver, k\u00fc\u00fcslauk, laimid, oliivi\u00f5li, SELLERisool, v\u00fcrtsisegu (0,3%).<\/p>\n<p><span style=\"font-size: 13px\">Nutrition information per 100 g:<\/span><br style=\"font-size: 13px\" \/><br \/>\n<span style=\"font-size: 13px\">Energiasisaldus 208kJ \/ 49kcal<\/span><br style=\"font-size: 13px\" \/><br \/>\n<span style=\"font-size: 13px\">Fats 0,8g<\/span><br style=\"font-size: 13px\" \/><br \/>\n<span style=\"font-size: 13px\">of which unsaturated fatty acids 0,1g<\/span><br style=\"font-size: 13px\" \/><br \/>\n<span style=\"font-size: 13px\">S\u00fcsivesikud 8,5g<\/span><br style=\"font-size: 13px\" \/><br \/>\n<span style=\"font-size: 13px\">Suhkruid 6,9g<\/span><br style=\"font-size: 13px\" \/><br \/>\n<span style=\"font-size: 13px\">Valgud 1,3g<\/span><br style=\"font-size: 13px\" \/><br \/>\n<span style=\"font-size: 13px\">Sool 0,37g<\/p>\n<p>Country of origin: Germany<\/span><\/p>","protected":false},"excerpt":{"rendered":"<p>Scotch Bonnet Hot Sauce Crazy Bastard on keskmise tugevusega t\u0161illikaste Scotch Bonnet t\u0161illide ja Kariibi mere k\u00f6\u00f6gi v\u00fcrtsidega.<\/p>","protected":false},"featured_media":2996,"template":"","meta":[],"product_brand":[],"product_cat":[302],"product_tag":[],"class_list":{"0":"post-2965","1":"product","2":"type-product","3":"status-publish","4":"has-post-thumbnail","6":"product_cat-marinaadid-kastmed-pastad","8":"first","9":"outofstock","10":"taxable","11":"shipping-taxable","12":"purchasable","13":"product-type-simple"},"_links":{"self":[{"href":"https:\/\/pipraveski.ee\/en\/wp-json\/wp\/v2\/product\/2965","targetHints":{"allow":["GET"]}}],"collection":[{"href":"https:\/\/pipraveski.ee\/en\/wp-json\/wp\/v2\/product"}],"about":[{"href":"https:\/\/pipraveski.ee\/en\/wp-json\/wp\/v2\/types\/product"}],"wp:featuredmedia":[{"embeddable":true,"href":"https:\/\/pipraveski.ee\/en\/wp-json\/wp\/v2\/media\/2996"}],"wp:attachment":[{"href":"https:\/\/pipraveski.ee\/en\/wp-json\/wp\/v2\/media?parent=2965"}],"wp:term":[{"taxonomy":"product_brand","embeddable":true,"href":"https:\/\/pipraveski.ee\/en\/wp-json\/wp\/v2\/product_brand?post=2965"},{"taxonomy":"product_cat","embeddable":true,"href":"https:\/\/pipraveski.ee\/en\/wp-json\/wp\/v2\/product_cat?post=2965"},{"taxonomy":"product_tag","embeddable":true,"href":"https:\/\/pipraveski.ee\/en\/wp-json\/wp\/v2\/product_tag?post=2965"}],"curies":[{"name":"wp","href":"https:\/\/api.w.org\/{rel}","templated":true}]}}