{"id":2964,"date":"2025-10-22T19:12:27","date_gmt":"2025-10-22T16:12:27","guid":{"rendered":"https:\/\/pipraveski.ee\/?post_type=product&#038;p=2964"},"modified":"2026-04-17T11:33:06","modified_gmt":"2026-04-17T08:33:06","slug":"bhut-jolokia-tsillikaunad-40g","status":"publish","type":"product","link":"https:\/\/pipraveski.ee\/en\/product\/bhut-jolokia-tsillikaunad-40g\/","title":{"rendered":"Bhut Jolokia chilli chunks, 40g"},"content":{"rendered":"<p>Bhut Jolokia Red on \u00fcks maailma teravamaid t\u0161illipipraid \u2013 see oli esimene, mis \u00fcletas miljoni Scoville&#8217;i piiri ja hoidis maailmarekordit aastatel 2007\u20132011. See p\u00e4rineb India Assami piirkonnast ning seda on seal aastaid kasvatatud ja kasutatud. Nimed bih jolokia, bhut jolokia, ghost chili v\u00f5i naga jolokia viitavad k\u00f5ik samale t\u0161illisordile.<br \/>\nNeed maitsevad suurep\u00e4raselt iga t\u0161illis\u00f5bra lemmikroas. Sobivad eriti h\u00e4sti India k\u00f6\u00f6giga, aga sobivad ka Mehhiko ja Aafrika roogadega.<\/p>\n<p>Ettevaatust: \u00c4\u00e4rmiselt terav!<\/p>\n<p>\n&nbsp;<\/p>","protected":false},"excerpt":{"rendered":"<p>Kuivatatud Bhut Jolokia t\u0161illi on \u00e4\u00e4rmiselt v\u00fcrtsikas ja omab Bhut Jolokia sordile omast aroomi. Kuivatatud t\u0161illid sobivad ideaalselt Aasia roogade, eriti India karriroogade, liha- ja kalatoitude maitsestamiseks. Intensiivne maitse sobib ka ideaalselt Aafrika ja Kariibi k\u00f6\u00f6giga<\/p>","protected":false},"featured_media":2995,"template":"","meta":[],"product_brand":[],"product_cat":[338],"product_tag":[],"class_list":{"0":"post-2964","1":"product","2":"type-product","3":"status-publish","4":"has-post-thumbnail","6":"product_cat-puhtad-maitsed","8":"first","9":"instock","10":"taxable","11":"shipping-taxable","12":"purchasable","13":"product-type-simple"},"_links":{"self":[{"href":"https:\/\/pipraveski.ee\/en\/wp-json\/wp\/v2\/product\/2964","targetHints":{"allow":["GET"]}}],"collection":[{"href":"https:\/\/pipraveski.ee\/en\/wp-json\/wp\/v2\/product"}],"about":[{"href":"https:\/\/pipraveski.ee\/en\/wp-json\/wp\/v2\/types\/product"}],"wp:featuredmedia":[{"embeddable":true,"href":"https:\/\/pipraveski.ee\/en\/wp-json\/wp\/v2\/media\/2995"}],"wp:attachment":[{"href":"https:\/\/pipraveski.ee\/en\/wp-json\/wp\/v2\/media?parent=2964"}],"wp:term":[{"taxonomy":"product_brand","embeddable":true,"href":"https:\/\/pipraveski.ee\/en\/wp-json\/wp\/v2\/product_brand?post=2964"},{"taxonomy":"product_cat","embeddable":true,"href":"https:\/\/pipraveski.ee\/en\/wp-json\/wp\/v2\/product_cat?post=2964"},{"taxonomy":"product_tag","embeddable":true,"href":"https:\/\/pipraveski.ee\/en\/wp-json\/wp\/v2\/product_tag?post=2964"}],"curies":[{"name":"wp","href":"https:\/\/api.w.org\/{rel}","templated":true}]}}