{"id":2963,"date":"2025-10-22T19:12:27","date_gmt":"2025-10-22T16:12:27","guid":{"rendered":"https:\/\/pipraveski.ee\/?post_type=product&#038;p=2963"},"modified":"2026-04-17T11:32:24","modified_gmt":"2026-04-17T08:32:24","slug":"instant-aloo-matar-280g","status":"publish","type":"product","link":"https:\/\/pipraveski.ee\/en\/product\/instant-aloo-matar-280g\/","title":{"rendered":"Instant Aloo Matar, 280g"},"content":{"rendered":"<p><span style=\"font-size:14px\"><span style=\"font-family: Roboto, sans-serif\">Sobib h\u00e4sti naaniga v\u00f5i basmatiriisiga. Kiire eine vahepalaks, t\u00f6\u00f6l l\u00f5unapausiks. Sobib taimetoitlastele, gluteenivaba.<\/span><\/span><\/p>\n<p><span style=\"font-size:14px\"><span style=\"font-family: Roboto, sans-serif\"><em>Valmistamine mikrolaineahjus: <\/em>L\u00f5ika koti \u00fclemine osa \u00e4ra ja aseta see p\u00fcsti mikrolaineahju. Kuumuta k\u00f5rgeimal re\u017eiimil 2 minutit. Seej\u00e4rel lase minut aega seista, sega ja naudi rooga kuumalt. Teise v\u00f5imalusena kuumuta rooga mikrolaineahjule sobivas n\u00f5us. <em>Valmistamine pannil: <\/em>Aseta roog v\u00e4ikesesse poti sisse ja kuumuta aeglaselt keskmisel kuumusel, \u00e4ra lase keema. Seej\u00e4rel sega roog ja naudi seda kuumalt. Teise v\u00f5imalusena kuumuta rooga suletud kotis 3\u20135 minutit. Lisa vajadusel k\u00f6\u00f6givilju v\u00f5i v\u00fcrtse.<\/span><\/span><\/p>\n<p><span style=\"font-size:14px\"><span style=\"font-family: Roboto, sans-serif\"><strong>Ingredients: <\/strong>Vesi, kartulid 21%, herned 12%, sibulad, tomat, <\/span><\/span><span style=\"font-family: Roboto, sans-serif;font-size: 14px\">p\u00e4evalille\u00f5li, tomatipasta, meloniseemned,<\/span><span style=\"font-size:14px\"><span style=\"font-family: Roboto, sans-serif\">&nbsp;INDIA P\u00c4HKLID,sool, ingver, punane t\u0161illipulber, koriander, roheline t\u0161illi, must sool, v\u00fcrtsid, suhkur, kurkum, v\u00fcrtsk\u00f6\u00f6mned, asaf\u00f6\u00f6tida,loorberilehed,must pipar, kaneel, nelk, lambal\u00e4\u00e4tselehed.<\/p>\n<p><strong>Allergens:<\/strong> Piimatooted, p\u00e4hklid. V\u00f5ib sisaldada sinepit, seesamiseemneid, sulfiite ja v\u00e4\u00e4veldioksiidi.<\/p>\n<p>Nutrition information per 100 g<br \/>\nEnergiasisaldus 491 kJ \/117 kcal<br \/>\nRasvad 6,8 g<br \/>\nK\u00fcllastunud rasvhappeid 2,0 g<br \/>\nS\u00fcsivesikuid 11,0 g<br \/>\nSuhkruid &lt;0,5 g<br \/>\nValgud 2,5 g<br \/>\nSoola 0,9 g<\/span><\/span><\/p>","protected":false},"excerpt":{"rendered":"<p>Aloo Matar on \u00f5rn India karri kartulite, herneste ja kookospiimaga.<\/p>","protected":false},"featured_media":4486,"template":"","meta":[],"product_brand":[],"product_cat":[312],"product_tag":[],"class_list":{"0":"post-2963","1":"product","2":"type-product","3":"status-publish","4":"has-post-thumbnail","6":"product_cat-toiduks","8":"first","9":"instock","10":"taxable","11":"shipping-taxable","12":"purchasable","13":"product-type-simple"},"_links":{"self":[{"href":"https:\/\/pipraveski.ee\/en\/wp-json\/wp\/v2\/product\/2963","targetHints":{"allow":["GET"]}}],"collection":[{"href":"https:\/\/pipraveski.ee\/en\/wp-json\/wp\/v2\/product"}],"about":[{"href":"https:\/\/pipraveski.ee\/en\/wp-json\/wp\/v2\/types\/product"}],"wp:featuredmedia":[{"embeddable":true,"href":"https:\/\/pipraveski.ee\/en\/wp-json\/wp\/v2\/media\/4486"}],"wp:attachment":[{"href":"https:\/\/pipraveski.ee\/en\/wp-json\/wp\/v2\/media?parent=2963"}],"wp:term":[{"taxonomy":"product_brand","embeddable":true,"href":"https:\/\/pipraveski.ee\/en\/wp-json\/wp\/v2\/product_brand?post=2963"},{"taxonomy":"product_cat","embeddable":true,"href":"https:\/\/pipraveski.ee\/en\/wp-json\/wp\/v2\/product_cat?post=2963"},{"taxonomy":"product_tag","embeddable":true,"href":"https:\/\/pipraveski.ee\/en\/wp-json\/wp\/v2\/product_tag?post=2963"}],"curies":[{"name":"wp","href":"https:\/\/api.w.org\/{rel}","templated":true}]}}