{"id":2962,"date":"2025-10-22T19:12:27","date_gmt":"2025-10-22T16:12:27","guid":{"rendered":"https:\/\/pipraveski.ee\/?post_type=product&#038;p=2962"},"modified":"2026-04-17T11:33:16","modified_gmt":"2026-04-17T08:33:16","slug":"chili-guajillo-orange-25g","status":"publish","type":"product","link":"https:\/\/pipraveski.ee\/en\/product\/chili-guajillo-orange-25g\/","title":{"rendered":"Chilli Guajillo orange, 25g"},"content":{"rendered":"<p>See sobib kasutamiseks pastade ja kastmete valmistamisel, samuti hautiste ja liharoogade maitsestamiseks.<\/p>\n<p>Mehhiko k\u00f6\u00f6gis kasutatakse seda traditsiooniliselt selliste roogade nagu Pozole (maisi-lihahautis), Pancita (siseliha tomatikastmes) v\u00f5i Mixiotes (lambahautis) puhul.<\/p>\n<p>Koostisosad:&nbsp;Jahvatatud Guajillo apelsini t\u0161illi<\/p>\n<pre aria-label=\"Translated text: Jahvatatud Guajillo apelsini t\u0161illi\" class=\"tw-data-text tw-text-large tw-ta\" data-placeholder=\"Translation\" data-ved=\"2ahUKEwjB75j7ubeQAxWiUVUIHZ0BFHMQ3ewLegQIDBAV\" dir=\"ltr\" id=\"tw-target-text\" role=\"text\" style=\"font-size: 28px;line-height: 36px;border: none;padding: 2px 0.14em 2px 0px;position: relative;margin: -2px 0px;font-family: inherit;overflow: hidden;width: 269.965px\">\r\n\r\n&nbsp;<\/pre>","protected":false},"excerpt":{"rendered":"<p>Guajillo t\u0161illipiprad on Mehhikost p\u00e4rit kuivatatud Mirasoli t\u0161illipiprad, mis sobivad hautiste ja liharoogade v\u00fcrtsitamiseks. Need on mahedad kuni kergelt v\u00fcrtsikad (1500\u20132000 SHU) ja neil on maitsev, kohati peaaegu marjane maitse.<\/p>","protected":false},"featured_media":2994,"template":"","meta":[],"product_brand":[],"product_cat":[338],"product_tag":[],"class_list":{"0":"post-2962","1":"product","2":"type-product","3":"status-publish","4":"has-post-thumbnail","6":"product_cat-puhtad-maitsed","8":"first","9":"instock","10":"taxable","11":"shipping-taxable","12":"purchasable","13":"product-type-simple"},"_links":{"self":[{"href":"https:\/\/pipraveski.ee\/en\/wp-json\/wp\/v2\/product\/2962","targetHints":{"allow":["GET"]}}],"collection":[{"href":"https:\/\/pipraveski.ee\/en\/wp-json\/wp\/v2\/product"}],"about":[{"href":"https:\/\/pipraveski.ee\/en\/wp-json\/wp\/v2\/types\/product"}],"wp:featuredmedia":[{"embeddable":true,"href":"https:\/\/pipraveski.ee\/en\/wp-json\/wp\/v2\/media\/2994"}],"wp:attachment":[{"href":"https:\/\/pipraveski.ee\/en\/wp-json\/wp\/v2\/media?parent=2962"}],"wp:term":[{"taxonomy":"product_brand","embeddable":true,"href":"https:\/\/pipraveski.ee\/en\/wp-json\/wp\/v2\/product_brand?post=2962"},{"taxonomy":"product_cat","embeddable":true,"href":"https:\/\/pipraveski.ee\/en\/wp-json\/wp\/v2\/product_cat?post=2962"},{"taxonomy":"product_tag","embeddable":true,"href":"https:\/\/pipraveski.ee\/en\/wp-json\/wp\/v2\/product_tag?post=2962"}],"curies":[{"name":"wp","href":"https:\/\/api.w.org\/{rel}","templated":true}]}}