{"id":2961,"date":"2025-10-22T19:12:27","date_gmt":"2025-10-22T16:12:27","guid":{"rendered":"https:\/\/pipraveski.ee\/?post_type=product&#038;p=2961"},"modified":"2026-04-17T11:33:10","modified_gmt":"2026-04-17T08:33:10","slug":"kaste-marie-sharps-habaneroga-no-wimps-allowed-hot-sauce-148ml","status":"publish","type":"product","link":"https:\/\/pipraveski.ee\/en\/product\/kaste-marie-sharps-habaneroga-no-wimps-allowed-hot-sauce-148ml\/","title":{"rendered":"Sauce, Marie Sharps, Habaneroga, No Wimps Allowed Hot Sauce, 148ml"},"content":{"rendered":"<p><span style=\"font-size:14px\"><span style=\"font-family: Roboto, sans-serif\">Marie legendaarsete Habanero-kastmete maitse ja aroom ei j\u00e4\u00e4 siin sugugi tagasihoidlikuks. Kaste sobib punase liha, omleti, pasta, ahjuroogade, wokiroogade, pizza, guacamole ja salsa, keedetud munade ja Bloody Marysse.<\/p>\n<p><strong>Ingredients<\/strong>: Punased habanero t\u0161illipiprad, porgandid, \u017een\u0161enn, sidrunimahl, kreoolide maitseained, sibul, looduslik t\u0161illiekstrakt, k\u00fc\u00fcslauk, sool.<br \/>\n<strong>Allergens:<\/strong> allergeenivaba. Gluteenivaba. Vegan.&nbsp;<\/p>\n<p>Nutrition information per 100 g<br \/>\nEnergiasisaldus 163 kJ \/ kcal 39<br \/>\nRasvad 1,8 g<br \/>\nK\u00fcllastunud rasvhappeid 0,0 g<br \/>\nS\u00fcsivesikuid 4,7 g<br \/>\nSuhkruid 0,0 g<br \/>\nValgud 1,0 g<br \/>\nSoola 8,2 g<\/span><\/span><\/p>","protected":false},"excerpt":{"rendered":"<p>&#8220;Wimp&#8221; t\u00e4hendab n\u00f5rga iseloomuga inimest. Ja see \u00fctleb tegelikult juba k\u00f5ik \u2013 see kaste ei ole n\u00f5rkadele!<\/p>","protected":false},"featured_media":2993,"template":"","meta":[],"product_brand":[],"product_cat":[317],"product_tag":[],"class_list":{"0":"post-2961","1":"product","2":"type-product","3":"status-publish","4":"has-post-thumbnail","6":"product_cat-kastmed-sinepid-tsatnid","8":"first","9":"outofstock","10":"taxable","11":"shipping-taxable","12":"purchasable","13":"product-type-simple"},"_links":{"self":[{"href":"https:\/\/pipraveski.ee\/en\/wp-json\/wp\/v2\/product\/2961","targetHints":{"allow":["GET"]}}],"collection":[{"href":"https:\/\/pipraveski.ee\/en\/wp-json\/wp\/v2\/product"}],"about":[{"href":"https:\/\/pipraveski.ee\/en\/wp-json\/wp\/v2\/types\/product"}],"wp:featuredmedia":[{"embeddable":true,"href":"https:\/\/pipraveski.ee\/en\/wp-json\/wp\/v2\/media\/2993"}],"wp:attachment":[{"href":"https:\/\/pipraveski.ee\/en\/wp-json\/wp\/v2\/media?parent=2961"}],"wp:term":[{"taxonomy":"product_brand","embeddable":true,"href":"https:\/\/pipraveski.ee\/en\/wp-json\/wp\/v2\/product_brand?post=2961"},{"taxonomy":"product_cat","embeddable":true,"href":"https:\/\/pipraveski.ee\/en\/wp-json\/wp\/v2\/product_cat?post=2961"},{"taxonomy":"product_tag","embeddable":true,"href":"https:\/\/pipraveski.ee\/en\/wp-json\/wp\/v2\/product_tag?post=2961"}],"curies":[{"name":"wp","href":"https:\/\/api.w.org\/{rel}","templated":true}]}}