{"id":2960,"date":"2025-10-22T19:12:27","date_gmt":"2025-10-22T16:12:27","guid":{"rendered":"https:\/\/pipraveski.ee\/?post_type=product&#038;p=2960"},"modified":"2026-04-17T11:32:42","modified_gmt":"2026-04-17T08:32:42","slug":"cayenne-tsillihelbed-50g","status":"publish","type":"product","link":"https:\/\/pipraveski.ee\/en\/product\/cayenne-tsillihelbed-50g\/","title":{"rendered":"Cayenne chilli flakes, 50g"},"content":{"rendered":"<p><span style=\"font-size:14px\"><span style=\"font-family: Roboto, sans-serif\">Cayenne&#8217;i t\u0161illilaastud on 100% ehtne cayenne&#8217;i t\u0161illi keskmise v\u00fcrtsikusastmega 10 000 Scoville&#8217;i \u00fchikut. Cayenne&#8217;i t\u0161illid kuivatatakse kohe p\u00e4rast korjamist ning seej\u00e4rel jahvatatakse 3\u20135 mm suurusteks laastudeks, v\u00f5imaldades maitsetel t\u00e4ielikult areneda. Silmapaistev v\u00e4rv vihjab juba selle t\u0161illit\u00fc\u00fcbi aromaatsele ja puuviljasele maitsele, millele sageli lisandub kerge suitsune noot. See maitse sobib k\u00f5ige paremini Louisiana Cajun\u2019i k\u00f6\u00f6gile ja Tex-Mex\u2019i roogadele, kuid on suurep\u00e4rane ka hautiste, kastmete, grillimarinaadide ja r\u00f6stitud maitsesegude jaoks.&nbsp;<\/span><\/span><\/p>\n<p><strong>Ingredients:<\/strong>&nbsp;<span style=\"font-size:14px\"><span style=\"font-family: Roboto, sans-serif\">Kuivatatud ja purustatud Cayenne&#8217;i pipar.<\/span><\/span><\/p>","protected":false},"excerpt":{"rendered":"<p>Cayenne&#8217;il on aromaatne v\u00fcrtsikus koos kergelt suitsuse maitsenoodiga<\/p>","protected":false},"featured_media":2991,"template":"","meta":[],"product_brand":[],"product_cat":[338],"product_tag":[],"class_list":{"0":"post-2960","1":"product","2":"type-product","3":"status-publish","4":"has-post-thumbnail","6":"product_cat-puhtad-maitsed","8":"first","9":"instock","10":"taxable","11":"shipping-taxable","12":"purchasable","13":"product-type-simple"},"_links":{"self":[{"href":"https:\/\/pipraveski.ee\/en\/wp-json\/wp\/v2\/product\/2960","targetHints":{"allow":["GET"]}}],"collection":[{"href":"https:\/\/pipraveski.ee\/en\/wp-json\/wp\/v2\/product"}],"about":[{"href":"https:\/\/pipraveski.ee\/en\/wp-json\/wp\/v2\/types\/product"}],"wp:featuredmedia":[{"embeddable":true,"href":"https:\/\/pipraveski.ee\/en\/wp-json\/wp\/v2\/media\/2991"}],"wp:attachment":[{"href":"https:\/\/pipraveski.ee\/en\/wp-json\/wp\/v2\/media?parent=2960"}],"wp:term":[{"taxonomy":"product_brand","embeddable":true,"href":"https:\/\/pipraveski.ee\/en\/wp-json\/wp\/v2\/product_brand?post=2960"},{"taxonomy":"product_cat","embeddable":true,"href":"https:\/\/pipraveski.ee\/en\/wp-json\/wp\/v2\/product_cat?post=2960"},{"taxonomy":"product_tag","embeddable":true,"href":"https:\/\/pipraveski.ee\/en\/wp-json\/wp\/v2\/product_tag?post=2960"}],"curies":[{"name":"wp","href":"https:\/\/api.w.org\/{rel}","templated":true}]}}