{"id":2959,"date":"2025-10-22T19:12:27","date_gmt":"2025-10-22T16:12:27","guid":{"rendered":"https:\/\/pipraveski.ee\/?post_type=product&#038;p=2959"},"modified":"2026-04-17T11:33:16","modified_gmt":"2026-04-17T08:33:16","slug":"chilli-pickle-pataks-283g","status":"publish","type":"product","link":"https:\/\/pipraveski.ee\/en\/product\/chilli-pickle-pataks-283g\/","title":{"rendered":"Chilli Pickle, Pataks, 283g"},"content":{"rendered":"<p>Sobib ideaalselt papadumidele ja lisamiseks ka n\u00e4iteks oma lemmikkarrile. V\u00f5i kui tunned end seiklushimulisena, siis miks mitte proovida lisada oma v\u00f5ileibadele ja salatitele India h\u00f5ngu?<\/p>\n<p>Koostisosad:&nbsp;Rohelised t\u0161illid (42%), rapsi\u00f5li, sool, purustatud kollased sinepiseemned (7%), ingverip\u00fcree (5%), purustatud lambal\u00e4\u00e4tse seemned (2%), hape (\u00e4\u00e4dikhape), vesi, kurkumipulber.<\/p>\n<p><span style=\"font-size: 13px\">Nutrition information per 100 g:<\/span><br style=\"font-size: 13px\" \/><br \/>\n<span style=\"font-size: 13px\">Energiasisaldus 1360kJ \/ 330kcal<\/span><br style=\"font-size: 13px\" \/><br \/>\n<span style=\"font-size: 13px\">Rasvad 32,1g<\/span><br style=\"font-size: 13px\" \/><br \/>\n<span style=\"font-size: 13px\">millest \u00fcllastunud rasvhapped 2,1g<\/span><br style=\"font-size: 13px\" \/><br \/>\n<span style=\"font-size: 13px\">S\u00fcsivesikud 1,4g<\/span><br style=\"font-size: 13px\" \/><br \/>\n<span style=\"font-size: 13px\">Suhkruid 0,5g<\/span><br style=\"font-size: 13px\" \/><br \/>\n<span style=\"font-size: 13px\">Valgud 4,2g<\/span><br style=\"font-size: 13px\" \/><br \/>\n<span style=\"font-size: 13px\">Sool 7,7g<\/span><\/p>","protected":false},"excerpt":{"rendered":"<p>V\u00e4rske maitsega marineeritud rohelise t\u0161illi, aromaatse ingveri ja traditsiooniliste v\u00fcrtside segu, mis annab maitsvalt tasakaalustatud t\u0161illilaksu.<\/p>","protected":false},"featured_media":2990,"template":"","meta":[],"product_brand":[],"product_cat":[308],"product_tag":[],"class_list":{"0":"post-2959","1":"product","2":"type-product","3":"status-publish","4":"has-post-thumbnail","6":"product_cat-maitseaine-pastad-kastmed","8":"first","9":"outofstock","10":"taxable","11":"shipping-taxable","12":"purchasable","13":"product-type-simple"},"_links":{"self":[{"href":"https:\/\/pipraveski.ee\/en\/wp-json\/wp\/v2\/product\/2959","targetHints":{"allow":["GET"]}}],"collection":[{"href":"https:\/\/pipraveski.ee\/en\/wp-json\/wp\/v2\/product"}],"about":[{"href":"https:\/\/pipraveski.ee\/en\/wp-json\/wp\/v2\/types\/product"}],"wp:featuredmedia":[{"embeddable":true,"href":"https:\/\/pipraveski.ee\/en\/wp-json\/wp\/v2\/media\/2990"}],"wp:attachment":[{"href":"https:\/\/pipraveski.ee\/en\/wp-json\/wp\/v2\/media?parent=2959"}],"wp:term":[{"taxonomy":"product_brand","embeddable":true,"href":"https:\/\/pipraveski.ee\/en\/wp-json\/wp\/v2\/product_brand?post=2959"},{"taxonomy":"product_cat","embeddable":true,"href":"https:\/\/pipraveski.ee\/en\/wp-json\/wp\/v2\/product_cat?post=2959"},{"taxonomy":"product_tag","embeddable":true,"href":"https:\/\/pipraveski.ee\/en\/wp-json\/wp\/v2\/product_tag?post=2959"}],"curies":[{"name":"wp","href":"https:\/\/api.w.org\/{rel}","templated":true}]}}