{"id":2958,"date":"2025-10-22T19:12:26","date_gmt":"2025-10-22T16:12:26","guid":{"rendered":"https:\/\/pipraveski.ee\/?post_type=product&#038;p=2958"},"modified":"2026-04-17T11:32:59","modified_gmt":"2026-04-17T08:32:59","slug":"lanzberg-carolina-reaper-hot-chili-smash-106ml","status":"publish","type":"product","link":"https:\/\/pipraveski.ee\/en\/product\/lanzberg-carolina-reaper-hot-chili-smash-106ml\/","title":{"rendered":"Lanzberg Carolina Reaper Hot Chili Smash, 106ml"},"content":{"rendered":"<p>Kaste sobib ideaalselt maitsestamiseks v\u00f5i marineerimiseks ning on h\u00e4davajalik grilliroogade, steikide, tugeva liha v\u00f5i hautiste ja gulja\u0161\u0161i maitsestamiseks. Selle kastmega saate tuua p\u00f5rgu tule ja suitsuse maitse otse oma k\u00f6\u00f6ki.<\/p>\n<p>Koostisosad: Vesi, punane habanero t\u0161illi (24,5%), palsami\u00e4\u00e4dikas (\u00e4\u00e4dikas, viinamarjamahl), laimimahl, roosuhkur, Carolina Reaperi t\u0161illi (3,1%), suitsusool (meresool, suits), suitsupaprikapulber (paprika, suits), paksendaja: ksantaankummi.<\/p>\n<p><span style=\"font-size: 13px\">Nutrition information per 100 g:<\/span><br style=\"font-size: 13px\" \/><br \/>\n<span style=\"font-size: 13px\">Energiasisaldus 222kJ \/ 52kcal<\/span><br style=\"font-size: 13px\" \/><br \/>\n<span style=\"font-size: 13px\">Fats 0,2g<\/span><br style=\"font-size: 13px\" \/><br \/>\n<span style=\"font-size: 13px\">of which unsaturated fatty acids 0,1g<\/span><br style=\"font-size: 13px\" \/><br \/>\n<span style=\"font-size: 13px\">Carbohydrates 12g<\/span><br style=\"font-size: 13px\" \/><br \/>\n<span style=\"font-size: 13px\">Suhkruid 11,6g<\/span><br style=\"font-size: 13px\" \/><br \/>\n<span style=\"font-size: 13px\">Valgud 0,6g<\/span><br style=\"font-size: 13px\" \/><br \/>\n<span style=\"font-size: 13px\">Sool 1,12g<\/span><\/p>","protected":false},"excerpt":{"rendered":"<p>Lanzbergi Hot Chilli Smash Carolina Reaperi kaste sobib ideaalselt eriti vapratele t\u0161illif\u00e4nnidele. See on kuuma t\u0161illi ja suitsuse tule plahvatus, mis muudab iga ampsu v\u00e4ljakutseks. See maitseb intensiivselt punaste Carolina Reaperi t\u0161illide ja punaste habanerode j\u00e4rele ning omab kujuteldamatut tulisust.<\/p>","protected":false},"featured_media":2989,"template":"","meta":[],"product_brand":[],"product_cat":[317],"product_tag":[],"class_list":{"0":"post-2958","1":"product","2":"type-product","3":"status-publish","4":"has-post-thumbnail","6":"product_cat-kastmed-sinepid-tsatnid","8":"first","9":"instock","10":"taxable","11":"shipping-taxable","12":"purchasable","13":"product-type-simple"},"_links":{"self":[{"href":"https:\/\/pipraveski.ee\/en\/wp-json\/wp\/v2\/product\/2958","targetHints":{"allow":["GET"]}}],"collection":[{"href":"https:\/\/pipraveski.ee\/en\/wp-json\/wp\/v2\/product"}],"about":[{"href":"https:\/\/pipraveski.ee\/en\/wp-json\/wp\/v2\/types\/product"}],"wp:featuredmedia":[{"embeddable":true,"href":"https:\/\/pipraveski.ee\/en\/wp-json\/wp\/v2\/media\/2989"}],"wp:attachment":[{"href":"https:\/\/pipraveski.ee\/en\/wp-json\/wp\/v2\/media?parent=2958"}],"wp:term":[{"taxonomy":"product_brand","embeddable":true,"href":"https:\/\/pipraveski.ee\/en\/wp-json\/wp\/v2\/product_brand?post=2958"},{"taxonomy":"product_cat","embeddable":true,"href":"https:\/\/pipraveski.ee\/en\/wp-json\/wp\/v2\/product_cat?post=2958"},{"taxonomy":"product_tag","embeddable":true,"href":"https:\/\/pipraveski.ee\/en\/wp-json\/wp\/v2\/product_tag?post=2958"}],"curies":[{"name":"wp","href":"https:\/\/api.w.org\/{rel}","templated":true}]}}