{"id":2957,"date":"2025-10-22T19:12:26","date_gmt":"2025-10-22T16:12:26","guid":{"rendered":"https:\/\/pipraveski.ee\/?post_type=product&#038;p=2957"},"modified":"2026-04-17T11:32:27","modified_gmt":"2026-04-17T08:32:27","slug":"salsa-guacamoleterav-240g","status":"publish","type":"product","link":"https:\/\/pipraveski.ee\/en\/product\/salsa-guacamoleterav-240g\/","title":{"rendered":"Salsa Guacamole(terav), 240g"},"content":{"rendered":"<p>See keskmise kangusega avokaadokaste sobib ideaalselt selliste roogadega nagu enchiladad, quesadillad, tamaled v\u00f5i tacod. Herdezi kaubam\u00e4rgi guacamole stiilis salsa \u00fchendab endas hea Mehhiko salsa verde parimad traditsioonilised maitsed.<\/p>\n<p>Koostisosad:&nbsp;Vesi, tomatillod, taime\u00f5li, t\u0161illi, avokaado (5%), sibul, koriander, kunstlikud ja looduslikud l\u00f5hna- ja maitseained, jodeeritud sool, laimimahl, k\u00fc\u00fcslaugupulber, naatriumer\u00fctorbaat (E316) antioks\u00fcdandina, tartrasiin, v\u00e4rvained (E110 ja E133)<\/p>\n<p>Nutrition information per 100 g:<br \/>\nEnergiasisaldus 703kJ \/ 168kcal<br \/>\nFats 16g<br \/>\nmillest \u00fcllastunud rasvhapped 2,3g<br \/>\nS\u00fcsivesikud 2,0g<br \/>\nSuhkruid 0,7g<br \/>\nProtein 0,0g<br \/>\nSalt 0,8g<\/p>","protected":false},"excerpt":{"rendered":"<p>Herdezi kaubam\u00e4rgi guacamole stiilis salsa on maitsev ja  kreemjas Mehhiko salsa. <\/p>","protected":false},"featured_media":2988,"template":"","meta":[],"product_brand":[],"product_cat":[317],"product_tag":[],"class_list":{"0":"post-2957","1":"product","2":"type-product","3":"status-publish","4":"has-post-thumbnail","6":"product_cat-kastmed-sinepid-tsatnid","8":"first","9":"outofstock","10":"taxable","11":"shipping-taxable","12":"purchasable","13":"product-type-simple"},"_links":{"self":[{"href":"https:\/\/pipraveski.ee\/en\/wp-json\/wp\/v2\/product\/2957","targetHints":{"allow":["GET"]}}],"collection":[{"href":"https:\/\/pipraveski.ee\/en\/wp-json\/wp\/v2\/product"}],"about":[{"href":"https:\/\/pipraveski.ee\/en\/wp-json\/wp\/v2\/types\/product"}],"wp:featuredmedia":[{"embeddable":true,"href":"https:\/\/pipraveski.ee\/en\/wp-json\/wp\/v2\/media\/2988"}],"wp:attachment":[{"href":"https:\/\/pipraveski.ee\/en\/wp-json\/wp\/v2\/media?parent=2957"}],"wp:term":[{"taxonomy":"product_brand","embeddable":true,"href":"https:\/\/pipraveski.ee\/en\/wp-json\/wp\/v2\/product_brand?post=2957"},{"taxonomy":"product_cat","embeddable":true,"href":"https:\/\/pipraveski.ee\/en\/wp-json\/wp\/v2\/product_cat?post=2957"},{"taxonomy":"product_tag","embeddable":true,"href":"https:\/\/pipraveski.ee\/en\/wp-json\/wp\/v2\/product_tag?post=2957"}],"curies":[{"name":"wp","href":"https:\/\/api.w.org\/{rel}","templated":true}]}}