{"id":2955,"date":"2025-10-22T19:12:26","date_gmt":"2025-10-22T16:12:26","guid":{"rendered":"https:\/\/pipraveski.ee\/?post_type=product&#038;p=2955"},"modified":"2026-04-17T11:33:09","modified_gmt":"2026-04-17T08:33:09","slug":"maitsetee-talveromantika-kaneeli-noodiga-100g-2","status":"publish","type":"product","link":"https:\/\/pipraveski.ee\/en\/product\/maitsetee-talveromantika-kaneeli-noodiga-100g-2\/","title":{"rendered":"Flavoured tea \u201cTalveromantika\u201d with cinnamon, 100g"},"content":{"rendered":"<p>Selle puuviljatee segu imelisest nimest piisab, et meenutada \u00f5dusaid \u00f5htuid lahtise tule ees. Teretulnud nauding p\u00e4rast pikki jalutusk\u00e4ike l\u00e4bi k\u00fclma talve\u00f5hu \u2013 see v\u00fcrtsikas segu on t\u00f5eline soojendus.&nbsp;<\/p>\n<p>Koostisosad:&nbsp;\u00f5unat\u00fckid, hibiskuse\u00f5ied, kibuvitsa koor, apelsinikoor, l\u00f5hna- ja maitseained.<br \/>\n&nbsp;<\/p>\n<div style=\"margin-right: 5px;display: inline-block;font-size: 0.75em\"><span style=\"font-size: 14px\"><img decoding=\"async\" src=\"https:\/\/www.dethlefsen-balk.de\/images\/property\/Zeit.jpg\" style=\"max-width: 100%;height: auto;vertical-align: middle;border-style: none\" \/>&nbsp;10-12 min brewing time<\/span><\/div>\n<div style=\"margin-right: 5px;display: inline-block;font-size: 0.75em\"><span style=\"font-size: 14px\"><img decoding=\"async\" src=\"https:\/\/www.dethlefsen-balk.de\/images\/property\/temp.jpg\" style=\"max-width: 100%;height: auto;vertical-align: middle;border-style: none\" \/>&nbsp;100 \u00b0C water temperature<\/span><\/div>\n<div style=\"display: inline-block;font-size: 0.75em\"><span style=\"font-size: 14px\"><img decoding=\"async\" src=\"https:\/\/www.dethlefsen-balk.de\/images\/property\/loef.jpg\" style=\"max-width: 100%;height: auto;vertical-align: middle;border-style: none\" \/>&nbsp;4-5 tl\/L<\/span><\/div>","protected":false},"excerpt":{"rendered":"<p>M\u00f5nus kompositsioon, mis on t\u00e4iesti lummav t\u00e4nu peenele maitsele, magusale l\u00f5hnale ja k\u00fclluslikkusele.<\/p>","protected":false},"featured_media":2985,"template":"","meta":[],"product_brand":[239],"product_cat":[327],"product_tag":[],"class_list":{"0":"post-2955","1":"product","2":"type-product","3":"status-publish","4":"has-post-thumbnail","6":"product_brand-chacult-gmbh","7":"product_cat-kohv-tee","9":"first","10":"instock","11":"taxable","12":"shipping-taxable","13":"purchasable","14":"product-type-simple"},"_links":{"self":[{"href":"https:\/\/pipraveski.ee\/en\/wp-json\/wp\/v2\/product\/2955","targetHints":{"allow":["GET"]}}],"collection":[{"href":"https:\/\/pipraveski.ee\/en\/wp-json\/wp\/v2\/product"}],"about":[{"href":"https:\/\/pipraveski.ee\/en\/wp-json\/wp\/v2\/types\/product"}],"wp:featuredmedia":[{"embeddable":true,"href":"https:\/\/pipraveski.ee\/en\/wp-json\/wp\/v2\/media\/2985"}],"wp:attachment":[{"href":"https:\/\/pipraveski.ee\/en\/wp-json\/wp\/v2\/media?parent=2955"}],"wp:term":[{"taxonomy":"product_brand","embeddable":true,"href":"https:\/\/pipraveski.ee\/en\/wp-json\/wp\/v2\/product_brand?post=2955"},{"taxonomy":"product_cat","embeddable":true,"href":"https:\/\/pipraveski.ee\/en\/wp-json\/wp\/v2\/product_cat?post=2955"},{"taxonomy":"product_tag","embeddable":true,"href":"https:\/\/pipraveski.ee\/en\/wp-json\/wp\/v2\/product_tag?post=2955"}],"curies":[{"name":"wp","href":"https:\/\/api.w.org\/{rel}","templated":true}]}}