{"id":2954,"date":"2025-10-22T19:12:26","date_gmt":"2025-10-22T16:12:26","guid":{"rendered":"https:\/\/pipraveski.ee\/?post_type=product&#038;p=2954"},"modified":"2026-04-17T11:32:26","modified_gmt":"2026-04-17T08:32:26","slug":"maitsetee-talveromantika-kaneeli-noodiga-100g","status":"publish","type":"product","link":"https:\/\/pipraveski.ee\/en\/product\/maitsetee-talveromantika-kaneeli-noodiga-100g\/","title":{"rendered":"Flavoured tea \u201cTalveromantika\u201d with cinnamon, 100g"},"content":{"rendered":"<p>Selle puuviljatee segu imelisest nimest piisab, et meenutada \u00f5dusaid \u00f5htuid lahtise tule ees. Teretulnud nauding p\u00e4rast pikki jalutusk\u00e4ike l\u00e4bi k\u00fclma talve\u00f5hu \u2013 see v\u00fcrtsikas segu on t\u00f5eline soojendus. M\u00f5nus kompositsioon, mis on t\u00e4iesti lummav t\u00e4nu peenele maitsele, magusale l\u00f5hnale ja k\u00fclluslikule dekoratsioonile.<\/p>\n<p><strong>Ingredients<\/strong>: \u00f5unat\u00fckid, hibiskuse\u00f5ied, kibuvitsa kestad, apelsinikoored, aroom.&nbsp;<br \/>\n&nbsp;<\/p>\n<div style=\"margin-right: 5px;display: inline-block;font-size: 0.75em\"><span style=\"font-size: 14px\"><img decoding=\"async\" src=\"https:\/\/www.dethlefsen-balk.de\/images\/property\/Zeit.jpg\" style=\"max-width: 100%;height: auto;vertical-align: middle;border-style: none\" \/>&nbsp;10-12 min brewing time<\/span><\/div>\n<div style=\"margin-right: 5px;display: inline-block;font-size: 0.75em\"><span style=\"font-size: 14px\"><img decoding=\"async\" src=\"https:\/\/www.dethlefsen-balk.de\/images\/property\/temp.jpg\" style=\"max-width: 100%;height: auto;vertical-align: middle;border-style: none\" \/>&nbsp;100 \u00b0C water temperature<\/span><\/div>\n<div style=\"display: inline-block;font-size: 0.75em\"><span style=\"font-size: 14px\"><img decoding=\"async\" src=\"https:\/\/www.dethlefsen-balk.de\/images\/property\/loef.jpg\" style=\"max-width: 100%;height: auto;vertical-align: middle;border-style: none\" \/>&nbsp;4-5 tl\/L<\/span><\/div>","protected":false},"excerpt":{"rendered":"<p>Selle puuviljatee segu imelisest nimest piisab, et meenutada \u00f5dusaid \u00f5htuid lahtise tule ees. Teretulnud nauding p\u00e4rast pikki jalutusk\u00e4ike l\u00e4bi k\u00fclma talve\u00f5hu \u2013 see v\u00fcrtsikas segu on t\u00f5eline soojendus. M\u00f5nus kompositsioon, mis on t\u00e4iesti lummav t\u00e4nu peenele maitsele, magusale l\u00f5hnale ja k\u00fclluslikule dekoratsioonile. Koostisosad: \u00f5unat\u00fckid, hibiskuse\u00f5ied, kibuvitsa kestad, apelsinikoored, aroom.&nbsp; &nbsp; &nbsp;10-12 min t\u00f5mbeaeg &nbsp;100 \u00b0C [&hellip;]<\/p>\n","protected":false},"featured_media":3927,"template":"","meta":[],"product_brand":[],"product_cat":[327],"product_tag":[],"class_list":{"0":"post-2954","1":"product","2":"type-product","3":"status-publish","4":"has-post-thumbnail","6":"product_cat-kohv-tee","8":"first","9":"instock","10":"taxable","11":"shipping-taxable","12":"purchasable","13":"product-type-simple"},"_links":{"self":[{"href":"https:\/\/pipraveski.ee\/en\/wp-json\/wp\/v2\/product\/2954","targetHints":{"allow":["GET"]}}],"collection":[{"href":"https:\/\/pipraveski.ee\/en\/wp-json\/wp\/v2\/product"}],"about":[{"href":"https:\/\/pipraveski.ee\/en\/wp-json\/wp\/v2\/types\/product"}],"wp:featuredmedia":[{"embeddable":true,"href":"https:\/\/pipraveski.ee\/en\/wp-json\/wp\/v2\/media\/3927"}],"wp:attachment":[{"href":"https:\/\/pipraveski.ee\/en\/wp-json\/wp\/v2\/media?parent=2954"}],"wp:term":[{"taxonomy":"product_brand","embeddable":true,"href":"https:\/\/pipraveski.ee\/en\/wp-json\/wp\/v2\/product_brand?post=2954"},{"taxonomy":"product_cat","embeddable":true,"href":"https:\/\/pipraveski.ee\/en\/wp-json\/wp\/v2\/product_cat?post=2954"},{"taxonomy":"product_tag","embeddable":true,"href":"https:\/\/pipraveski.ee\/en\/wp-json\/wp\/v2\/product_tag?post=2954"}],"curies":[{"name":"wp","href":"https:\/\/api.w.org\/{rel}","templated":true}]}}