{"id":2953,"date":"2025-10-22T19:12:26","date_gmt":"2025-10-22T16:12:26","guid":{"rendered":"https:\/\/pipraveski.ee\/?post_type=product&#038;p=2953"},"modified":"2026-04-17T11:32:57","modified_gmt":"2026-04-17T08:32:57","slug":"teesoel-candy-cane-o-5-cm","status":"publish","type":"product","link":"https:\/\/pipraveski.ee\/en\/product\/teesoel-candy-cane-o-5-cm\/","title":{"rendered":"Tea infuser, \u201cCandy Cane\u201d \u00d8 5 cm"},"content":{"rendered":"<p><span style=\"font-size:14px\"><span style=\"font-family: Roboto, sans-serif\">&nbsp;Kommiribade v\u00e4limusega pol\u00fcresiinist ripats on eriti dekoratiivne ja k\u00f6idab pilku igas m\u00f5nusalt sooja talvepudru k\u00f5rval. Kvaliteetsest roostevabast terasest tees\u00f5el on umbes 5 cm l\u00e4bim\u00f5\u00f5duga. See sobib ideaalselt \u00fche tassi tee valmistamiseks ning avaneb ja t\u00e4itub lihtsa v\u00e4ikesest sangast sulgu abil.&nbsp;<\/span><\/span><\/p>","protected":false},"excerpt":{"rendered":"<p>Tees\u00f5el.<\/p>","protected":false},"featured_media":2980,"template":"","meta":[],"product_brand":[],"product_cat":[330],"product_tag":[],"class_list":{"0":"post-2953","1":"product","2":"type-product","3":"status-publish","4":"has-post-thumbnail","6":"product_cat-koogitarvikud","8":"first","9":"instock","10":"taxable","11":"shipping-taxable","12":"purchasable","13":"product-type-simple"},"_links":{"self":[{"href":"https:\/\/pipraveski.ee\/en\/wp-json\/wp\/v2\/product\/2953","targetHints":{"allow":["GET"]}}],"collection":[{"href":"https:\/\/pipraveski.ee\/en\/wp-json\/wp\/v2\/product"}],"about":[{"href":"https:\/\/pipraveski.ee\/en\/wp-json\/wp\/v2\/types\/product"}],"wp:featuredmedia":[{"embeddable":true,"href":"https:\/\/pipraveski.ee\/en\/wp-json\/wp\/v2\/media\/2980"}],"wp:attachment":[{"href":"https:\/\/pipraveski.ee\/en\/wp-json\/wp\/v2\/media?parent=2953"}],"wp:term":[{"taxonomy":"product_brand","embeddable":true,"href":"https:\/\/pipraveski.ee\/en\/wp-json\/wp\/v2\/product_brand?post=2953"},{"taxonomy":"product_cat","embeddable":true,"href":"https:\/\/pipraveski.ee\/en\/wp-json\/wp\/v2\/product_cat?post=2953"},{"taxonomy":"product_tag","embeddable":true,"href":"https:\/\/pipraveski.ee\/en\/wp-json\/wp\/v2\/product_tag?post=2953"}],"curies":[{"name":"wp","href":"https:\/\/api.w.org\/{rel}","templated":true}]}}