{"id":2952,"date":"2025-10-22T19:12:26","date_gmt":"2025-10-22T16:12:26","guid":{"rendered":"https:\/\/pipraveski.ee\/?post_type=product&#038;p=2952"},"modified":"2026-04-17T11:32:15","modified_gmt":"2026-04-17T08:32:15","slug":"teesoel-paule-o-5-cm","status":"publish","type":"product","link":"https:\/\/pipraveski.ee\/en\/product\/teesoel-paule-o-5-cm\/","title":{"rendered":"Tea infuser \u201cPaule\u201d \u00d8 5 cm"},"content":{"rendered":"<p><span style=\"font-family: Roboto, sans-serif;font-size: 18px\"><span style=\"font-size:14px\">P\u00f5hja-J\u00e4\u00e4mere \u00e4\u00e4res puhub teadaolevalt j\u00e4ine tuul. Kuid meie armas j\u00e4\u00e4karu &#8220;Paule&#8221; trotsib oma pehme ja sooja Norra kampsuniga igat lumesadu.&nbsp;<br \/>\nK\u00f5rgekvaliteedilisest roostevabast terasest tees\u00f5elal on ligikaudu 5 cm l\u00e4bim\u00f5\u00f5t. See sobib ideaalselt \u00fche tassi tee valmistamiseks ning avaneb ja t\u00e4itub lihtsalt v\u00e4ikese klamberkinnituse kaudu.&nbsp;<\/span><\/span><\/p>","protected":false},"excerpt":{"rendered":"<p>Tees\u00f5el.<\/p>","protected":false},"featured_media":2978,"template":"","meta":[],"product_brand":[],"product_cat":[330],"product_tag":[],"class_list":{"0":"post-2952","1":"product","2":"type-product","3":"status-publish","4":"has-post-thumbnail","6":"product_cat-koogitarvikud","8":"first","9":"instock","10":"taxable","11":"shipping-taxable","12":"purchasable","13":"product-type-simple"},"_links":{"self":[{"href":"https:\/\/pipraveski.ee\/en\/wp-json\/wp\/v2\/product\/2952","targetHints":{"allow":["GET"]}}],"collection":[{"href":"https:\/\/pipraveski.ee\/en\/wp-json\/wp\/v2\/product"}],"about":[{"href":"https:\/\/pipraveski.ee\/en\/wp-json\/wp\/v2\/types\/product"}],"wp:featuredmedia":[{"embeddable":true,"href":"https:\/\/pipraveski.ee\/en\/wp-json\/wp\/v2\/media\/2978"}],"wp:attachment":[{"href":"https:\/\/pipraveski.ee\/en\/wp-json\/wp\/v2\/media?parent=2952"}],"wp:term":[{"taxonomy":"product_brand","embeddable":true,"href":"https:\/\/pipraveski.ee\/en\/wp-json\/wp\/v2\/product_brand?post=2952"},{"taxonomy":"product_cat","embeddable":true,"href":"https:\/\/pipraveski.ee\/en\/wp-json\/wp\/v2\/product_cat?post=2952"},{"taxonomy":"product_tag","embeddable":true,"href":"https:\/\/pipraveski.ee\/en\/wp-json\/wp\/v2\/product_tag?post=2952"}],"curies":[{"name":"wp","href":"https:\/\/api.w.org\/{rel}","templated":true}]}}