{"id":2950,"date":"2025-10-22T19:12:26","date_gmt":"2025-10-22T16:12:26","guid":{"rendered":"https:\/\/pipraveski.ee\/?post_type=product&#038;p=2950"},"modified":"2026-04-17T11:32:43","modified_gmt":"2026-04-17T08:32:43","slug":"tee-mix-box-nr8-parim-jouludest-54g-12tk","status":"publish","type":"product","link":"https:\/\/pipraveski.ee\/en\/product\/tee-mix-box-nr8-parim-jouludest-54g-12tk\/","title":{"rendered":"Tea, Mix box, no8, \u201cBest of Christmas\u201c 54g, (12pcs)"},"content":{"rendered":"<p><span style=\"font-size:14px\"><span style=\"font-family: Roboto, sans-serif\">Puuviljatee, aroomiga, advent, 4x4g<br \/>\n<span style=\"font-size:12px\">Koostisosad: \u00d5unat\u00fckid, hibiskuse\u00f5ied, kibuvitsakuored, apelsinikoored, kookoshelbed, mandlit\u00fckid, ananassikuubikud (ananass, suhkur), aroom, safloor, rukkilille\u00f5ied. Vee temperatuur 100*, t\u00f5mbeaeg 12-15 min.<\/span><\/span><\/p>\n<p><span style=\"font-family: Roboto, sans-serif\">Puuviljatee, kaneelise-karamellise- mandli maitseline, 4&#215;5,5g<br \/>\n<span style=\"font-size:12px\">Koostisosad: \u00f5unat\u00fckid, mandlit\u00fckid, kaneelit\u00fckid, peedit\u00fckid, aroom.<\/span><\/span><\/span><br \/>\n<span style=\"font-family: Roboto, sans-serif;font-size: 12px\">Vee temperatuur 100*, t\u00f5mbeaeg 12-15 min.<\/span><\/p>\n<p><span style=\"font-size:14px\"><span style=\"font-family: Roboto, sans-serif\">Must tee, apelsinik\u00fcpsise maitseline, 4x4g<br \/>\n<span style=\"font-size:12px\">Koostisosad: must tee (47 %), \u00f5unat\u00fckid, kaneelit\u00fckid, koriander, l\u00f5hnaaine, apelsinikoored, kardemoni seemned, rose pipar, nelk.<\/span><\/span><\/span><br \/>\n<span style=\"font-family: Roboto, sans-serif;font-size: 12px\">Vee temperatuur 100*, t\u00f5mbeaeg 3-5 min.<\/span><\/p>","protected":false},"excerpt":{"rendered":"<p>Tee kotikeste valik silmapaistva disainiga Mix box pakendis, milles on kolm erinevat teet\u00fc\u00fcpi.<\/p>","protected":false},"featured_media":2976,"template":"","meta":[],"product_brand":[],"product_cat":[327],"product_tag":[],"class_list":{"0":"post-2950","1":"product","2":"type-product","3":"status-publish","4":"has-post-thumbnail","6":"product_cat-kohv-tee","8":"first","9":"instock","10":"taxable","11":"shipping-taxable","12":"purchasable","13":"product-type-simple"},"_links":{"self":[{"href":"https:\/\/pipraveski.ee\/en\/wp-json\/wp\/v2\/product\/2950","targetHints":{"allow":["GET"]}}],"collection":[{"href":"https:\/\/pipraveski.ee\/en\/wp-json\/wp\/v2\/product"}],"about":[{"href":"https:\/\/pipraveski.ee\/en\/wp-json\/wp\/v2\/types\/product"}],"wp:featuredmedia":[{"embeddable":true,"href":"https:\/\/pipraveski.ee\/en\/wp-json\/wp\/v2\/media\/2976"}],"wp:attachment":[{"href":"https:\/\/pipraveski.ee\/en\/wp-json\/wp\/v2\/media?parent=2950"}],"wp:term":[{"taxonomy":"product_brand","embeddable":true,"href":"https:\/\/pipraveski.ee\/en\/wp-json\/wp\/v2\/product_brand?post=2950"},{"taxonomy":"product_cat","embeddable":true,"href":"https:\/\/pipraveski.ee\/en\/wp-json\/wp\/v2\/product_cat?post=2950"},{"taxonomy":"product_tag","embeddable":true,"href":"https:\/\/pipraveski.ee\/en\/wp-json\/wp\/v2\/product_tag?post=2950"}],"curies":[{"name":"wp","href":"https:\/\/api.w.org\/{rel}","templated":true}]}}