{"id":2949,"date":"2025-10-22T19:12:26","date_gmt":"2025-10-22T16:12:26","guid":{"rendered":"https:\/\/pipraveski.ee\/?post_type=product&#038;p=2949"},"modified":"2026-04-17T11:32:26","modified_gmt":"2026-04-17T08:32:26","slug":"asafootida-hing-vandevi-100g","status":"publish","type":"product","link":"https:\/\/pipraveski.ee\/en\/product\/asafootida-hing-vandevi-100g\/","title":{"rendered":"Asaf feed, (Hing Vandevi) 100g"},"content":{"rendered":"<p>Asaf\u00f6\u00f6tida ehk juudavaik on leeskputke ja pastinaagiga sarnaneva sarikalise feerula juurest saadav lateksilaadne v\u00fcrts.<br \/>\nV\u00e4rskel asaf\u00f6\u00f6tidal on jube l\u00f5hn, ent pisikestes kogustes praetult on asaf\u00f6\u00f6tidavaik v\u00e4\u00e4rtuslik ja omap\u00e4rane maitseaine.<br \/>\nPulbriline asaf\u00f6\u00f6tida on mahedam, kuna on segatud riisijahuga ning seda on lihtsam kasutada ehk ei pea enne kasutamist praadima.<br \/>\nAsaf\u00f6\u00f6tidat v\u00f5ib proovida sibula ja k\u00fc\u00fcslaugu asemel, sobib aedvilja- ja seeneroogade maitsestamiseks.<\/p>\n<p>Koostisosad: Riisijahu, kummiaraabik, Asaf\u00f6\u00f6tida, kurkum, nisujahu, kurkum.<\/p>\n<p>Nutritional value per 100g<br \/>\nEnergia 1406kJ \/ 334kcal<br \/>\nRasv 0.8g<br \/>\nmillest k\u00fcllastunud rasvhapped 0.8g<br \/>\nCarbohydrates 58g<br \/>\nof which sugars 0g<br \/>\nKiudained 22g<br \/>\nValk 5.6<br \/>\nSalt 0g<\/p>","protected":false},"excerpt":{"rendered":"<p>Asaf\u00f6\u00f6tidat v\u00f5ib kasutada toitudes sibula ja k\u00fc\u00fcslaugu asemel, sobib aedvilja- ja seeneroogade maitsestamiseks.<\/p>","protected":false},"featured_media":2975,"template":"","meta":[],"product_brand":[240],"product_cat":[338],"product_tag":[],"class_list":{"0":"post-2949","1":"product","2":"type-product","3":"status-publish","4":"has-post-thumbnail","6":"product_brand-heera","7":"product_cat-puhtad-maitsed","9":"first","10":"instock","11":"taxable","12":"shipping-taxable","13":"purchasable","14":"product-type-simple"},"_links":{"self":[{"href":"https:\/\/pipraveski.ee\/en\/wp-json\/wp\/v2\/product\/2949","targetHints":{"allow":["GET"]}}],"collection":[{"href":"https:\/\/pipraveski.ee\/en\/wp-json\/wp\/v2\/product"}],"about":[{"href":"https:\/\/pipraveski.ee\/en\/wp-json\/wp\/v2\/types\/product"}],"wp:featuredmedia":[{"embeddable":true,"href":"https:\/\/pipraveski.ee\/en\/wp-json\/wp\/v2\/media\/2975"}],"wp:attachment":[{"href":"https:\/\/pipraveski.ee\/en\/wp-json\/wp\/v2\/media?parent=2949"}],"wp:term":[{"taxonomy":"product_brand","embeddable":true,"href":"https:\/\/pipraveski.ee\/en\/wp-json\/wp\/v2\/product_brand?post=2949"},{"taxonomy":"product_cat","embeddable":true,"href":"https:\/\/pipraveski.ee\/en\/wp-json\/wp\/v2\/product_cat?post=2949"},{"taxonomy":"product_tag","embeddable":true,"href":"https:\/\/pipraveski.ee\/en\/wp-json\/wp\/v2\/product_tag?post=2949"}],"curies":[{"name":"wp","href":"https:\/\/api.w.org\/{rel}","templated":true}]}}