{"id":2948,"date":"2025-10-22T19:12:26","date_gmt":"2025-10-22T16:12:26","guid":{"rendered":"https:\/\/pipraveski.ee\/?post_type=product&#038;p=2948"},"modified":"2026-04-17T11:32:41","modified_gmt":"2026-04-17T08:32:41","slug":"tee-mix-box-nr1-puuvili-klassika-58g-12tk","status":"publish","type":"product","link":"https:\/\/pipraveski.ee\/en\/product\/tee-mix-box-nr1-puuvili-klassika-58g-12tk\/","title":{"rendered":"Tea, Mix box, no1, Fruit &amp; Classic, 58g, (12pcs)"},"content":{"rendered":"<p><span style=\"font-size:14px\"><span style=\"font-family: Roboto, sans-serif\">Puuviljatee, maitsestatud, Mango n \u2018Friends&nbsp;(4 x 5g)<\/span><\/span><br \/>\n<span style=\"font-size:14px\"><span style=\"font-family: Roboto, sans-serif\"><span style=\"font-size:12px\">Koostisosad: ananassi kuubikud (ananass, suhkur), mangokuubikud (mango, suhkur), apelsinikoored, aroom,k\u00fclmukuivatatud mandariini, apelsini t\u00fckid, safloor, saialille\u00f5ied, k\u00fclmkuivatatud maasikat\u00fckid. Vee temperatuur 100*, t\u00f5mbeaeg10-12 min<\/span><\/span><\/span><\/p>\n<p><span style=\"font-size:14px\"><span style=\"font-family: Roboto, sans-serif\">Puuviljatee, maitsestatud, T\u00fcrgi \u00f5un-jogurt-laim (<\/span><\/span><span style=\"font-family: Roboto, sans-serif;font-size: 14px\">4 x 5,5g)<\/span><br \/>\n<span style=\"font-size:12px\"><span style=\"font-family: Roboto, sans-serif\">Koostisosad: \u00f5unat\u00fckid, ananassikuubikud (ananass, suhkur), aroom, sidrunhein.<\/span><\/span><span style=\"font-family: Roboto, sans-serif;font-size: 12px\">&nbsp;Vee temperatuur 100*, t\u00f5mbeaeg10-12 min<\/span><\/p>\n<p><span style=\"font-size:14px\"><span style=\"font-family: Roboto, sans-serif\">Puuviljatee, maitsestatud, vanaema aia marjad (<\/span><\/span><span style=\"font-family: Roboto, sans-serif;font-size: 14px\">4 x 4g)<\/span><br style=\"font-family: Roboto, sans-serif;font-size: 18px\" \/><br \/>\n<span style=\"font-size:14px\"><span style=\"font-size:12px\"><span style=\"font-family: Roboto, sans-serif\">Koostisosad: musts\u00f5strad, hibiskuse\u00f5ied, \u00f5unat\u00fckid, mustad s\u00f5strad, maitseaine, k\u00fclmkuivatatud maasikat\u00fckid, k\u00fclmkuivatatud vaarikat\u00fckid, metsmaasikalehed.<\/span><\/span><\/span><br style=\"font-family: Roboto, sans-serif;font-size: 18px\" \/><br \/>\n<span style=\"font-family: Roboto, sans-serif;font-size: 12px\">Vee temperatuur 100*, t\u00f5mbeaeg10-12 min<\/span><\/p>","protected":false},"excerpt":{"rendered":"<p>Tee kotikeste valik silmapaistva disainiga Mix box pakendis, milles on kolm erinevat teet\u00fc\u00fcpi.<\/p>","protected":false},"featured_media":2971,"template":"","meta":[],"product_brand":[],"product_cat":[327],"product_tag":[],"class_list":{"0":"post-2948","1":"product","2":"type-product","3":"status-publish","4":"has-post-thumbnail","6":"product_cat-kohv-tee","8":"first","9":"instock","10":"taxable","11":"shipping-taxable","12":"purchasable","13":"product-type-simple"},"_links":{"self":[{"href":"https:\/\/pipraveski.ee\/en\/wp-json\/wp\/v2\/product\/2948","targetHints":{"allow":["GET"]}}],"collection":[{"href":"https:\/\/pipraveski.ee\/en\/wp-json\/wp\/v2\/product"}],"about":[{"href":"https:\/\/pipraveski.ee\/en\/wp-json\/wp\/v2\/types\/product"}],"wp:featuredmedia":[{"embeddable":true,"href":"https:\/\/pipraveski.ee\/en\/wp-json\/wp\/v2\/media\/2971"}],"wp:attachment":[{"href":"https:\/\/pipraveski.ee\/en\/wp-json\/wp\/v2\/media?parent=2948"}],"wp:term":[{"taxonomy":"product_brand","embeddable":true,"href":"https:\/\/pipraveski.ee\/en\/wp-json\/wp\/v2\/product_brand?post=2948"},{"taxonomy":"product_cat","embeddable":true,"href":"https:\/\/pipraveski.ee\/en\/wp-json\/wp\/v2\/product_cat?post=2948"},{"taxonomy":"product_tag","embeddable":true,"href":"https:\/\/pipraveski.ee\/en\/wp-json\/wp\/v2\/product_tag?post=2948"}],"curies":[{"name":"wp","href":"https:\/\/api.w.org\/{rel}","templated":true}]}}