{"id":2916,"date":"2025-10-22T19:12:11","date_gmt":"2025-10-22T16:12:11","guid":{"rendered":"https:\/\/pipraveski.ee\/?post_type=product&#038;p=2916"},"modified":"2026-04-17T11:33:15","modified_gmt":"2026-04-17T08:33:15","slug":"puuviljatee-araabia-volu-ploomi-ja-mustsostranoodiga-50g","status":"publish","type":"product","link":"https:\/\/pipraveski.ee\/en\/product\/puuviljatee-araabia-volu-ploomi-ja-mustsostranoodiga-50g\/","title":{"rendered":"Fruit Tea, \u201cArabian Delight\u201c with plum and blackcurrant, 50g"},"content":{"rendered":"<p><span style=\"font-size:14px\"><span style=\"font-family: Roboto, sans-serif\">Kui teil napib aega ja raha reisimiseks tuhat ja \u00fcks maale&nbsp;<\/span><\/span><span style=\"font-size:14px\"><span style=\"font-family: Roboto, sans-serif\">, siis ei ole p\u00f5hjust kurvastamiseks. Me toome teieni erinevate&nbsp; puuviljade maitsed, nagu mahlakad ploomid ja v\u00e4rsked, rikkalikult maitsvad viigimarjad.&nbsp;<\/p>\n<p>Koostisosad: S\u00f5stramarjad, rosinad, hibiskuse\u00f5ied, apelsinikoor, aroom, rukkilille\u00f5ied, roosi\u00f5ied, mustikad, musts\u00f5strad.<\/p>\n<p>Oluline: Valage alati peale keevat mullitavat vett ja laske t\u00f5mmata v\u00e4hemalt 5\u201310 minutit!&nbsp;<\/span><\/span><\/p>\n<div class=\"superTrend\" style=\"font-weight: bold;margin-top: 2px;margin-bottom: 10px;font-size: 16px\">\n<span style=\"font-size:12px\"><img decoding=\"async\" src=\"https:\/\/www.dethlefsen-balk.de\/images\/property\/Zeit.jpg\" style=\"max-width: 100%;height: auto;vertical-align: middle;border-style: none\" \/>&nbsp;10-12 Minutit<img decoding=\"async\" src=\"https:\/\/www.dethlefsen-balk.de\/images\/property\/temp.jpg\" style=\"max-width: 100%;height: auto;vertical-align: middle;border-style: none\" \/>&nbsp;100 \u00b0C veetemperatuur<img decoding=\"async\" src=\"https:\/\/www.dethlefsen-balk.de\/images\/property\/loef.jpg\" style=\"max-width: 100%;height: auto;vertical-align: middle;border-style: none\" \/>&nbsp;4-5 kuhjaga teelusikat\u00e4it 1L vee kohta<span style=\"font-family: Roboto, sans-serif\">&nbsp;<\/span><\/span><\/div>","protected":false},"excerpt":{"rendered":"<p>Kui teil napib aega ja raha reisimiseks tuhat ja \u00fcks maale&nbsp;, siis ei ole p\u00f5hjust kurvastamiseks. Me toome teieni erinevate&nbsp; puuviljade maitsed, nagu mahlakad ploomid ja v\u00e4rsked, rikkalikult maitsvad viigimarjad.&nbsp; Koostisosad: S\u00f5stramarjad, rosinad, hibiskuse\u00f5ied, apelsinikoor, aroom, rukkilille\u00f5ied, roosi\u00f5ied, mustikad, musts\u00f5strad. Oluline: Valage alati peale keevat mullitavat vett ja laske t\u00f5mmata v\u00e4hemalt 5\u201310 minutit!&nbsp; &nbsp;10-12 Minutit&nbsp;100 [&hellip;]<\/p>\n","protected":false},"featured_media":2946,"template":"","meta":[],"product_brand":[],"product_cat":[327],"product_tag":[],"class_list":{"0":"post-2916","1":"product","2":"type-product","3":"status-publish","4":"has-post-thumbnail","6":"product_cat-kohv-tee","8":"first","9":"outofstock","10":"taxable","11":"shipping-taxable","12":"purchasable","13":"product-type-simple"},"_links":{"self":[{"href":"https:\/\/pipraveski.ee\/en\/wp-json\/wp\/v2\/product\/2916","targetHints":{"allow":["GET"]}}],"collection":[{"href":"https:\/\/pipraveski.ee\/en\/wp-json\/wp\/v2\/product"}],"about":[{"href":"https:\/\/pipraveski.ee\/en\/wp-json\/wp\/v2\/types\/product"}],"wp:featuredmedia":[{"embeddable":true,"href":"https:\/\/pipraveski.ee\/en\/wp-json\/wp\/v2\/media\/2946"}],"wp:attachment":[{"href":"https:\/\/pipraveski.ee\/en\/wp-json\/wp\/v2\/media?parent=2916"}],"wp:term":[{"taxonomy":"product_brand","embeddable":true,"href":"https:\/\/pipraveski.ee\/en\/wp-json\/wp\/v2\/product_brand?post=2916"},{"taxonomy":"product_cat","embeddable":true,"href":"https:\/\/pipraveski.ee\/en\/wp-json\/wp\/v2\/product_cat?post=2916"},{"taxonomy":"product_tag","embeddable":true,"href":"https:\/\/pipraveski.ee\/en\/wp-json\/wp\/v2\/product_tag?post=2916"}],"curies":[{"name":"wp","href":"https:\/\/api.w.org\/{rel}","templated":true}]}}