{"id":2914,"date":"2025-10-22T19:12:11","date_gmt":"2025-10-22T16:12:11","guid":{"rendered":"https:\/\/pipraveski.ee\/?post_type=product&#038;p=2914"},"modified":"2026-04-17T11:33:18","modified_gmt":"2026-04-17T08:33:18","slug":"angelica-juur-1kg","status":"publish","type":"product","link":"https:\/\/pipraveski.ee\/en\/product\/angelica-juur-1kg\/","title":{"rendered":"Angelica root, 1kg"},"content":{"rendered":"<p>Angelica juur on levinud d\u017einni valmistamisel. Seda kasutatakse sageli koos kadakamarjade ja koriandriga kui d\u017einni peamist aromaatset komponenti. Seda kasutatakse ka absintides, akvaviitides ja bitterites.<br \/>\nKasutatakse ka tervist turgutava abivahendina ja seda on kutsutud ka&nbsp;\u201enaiste \u017een\u017een-iks\u201c<\/p>\n<p>&nbsp;<\/p>","protected":false},"excerpt":{"rendered":"<p>Angelica juurel on piprane, rikkalik, \u00fcrdine, mullane, puidune ja muskuse l\u00f5hn. Angelica juur on hinnatud oma aromaatsete omaduste poolest ning seda kasutatakse d\u017einnide, lik\u00f6\u00f6ride, akvaviitide maitsestamisel. Samuti ka omlettide ja forelli maitsestamiseks ning ka parf\u00fcmeeriatoodetes ja viirukites.<\/p>","protected":false},"featured_media":2944,"template":"","meta":[],"product_brand":[],"product_cat":[338],"product_tag":[],"class_list":{"0":"post-2914","1":"product","2":"type-product","3":"status-publish","4":"has-post-thumbnail","6":"product_cat-puhtad-maitsed","8":"first","9":"instock","10":"taxable","11":"shipping-taxable","12":"purchasable","13":"product-type-simple"},"_links":{"self":[{"href":"https:\/\/pipraveski.ee\/en\/wp-json\/wp\/v2\/product\/2914","targetHints":{"allow":["GET"]}}],"collection":[{"href":"https:\/\/pipraveski.ee\/en\/wp-json\/wp\/v2\/product"}],"about":[{"href":"https:\/\/pipraveski.ee\/en\/wp-json\/wp\/v2\/types\/product"}],"wp:featuredmedia":[{"embeddable":true,"href":"https:\/\/pipraveski.ee\/en\/wp-json\/wp\/v2\/media\/2944"}],"wp:attachment":[{"href":"https:\/\/pipraveski.ee\/en\/wp-json\/wp\/v2\/media?parent=2914"}],"wp:term":[{"taxonomy":"product_brand","embeddable":true,"href":"https:\/\/pipraveski.ee\/en\/wp-json\/wp\/v2\/product_brand?post=2914"},{"taxonomy":"product_cat","embeddable":true,"href":"https:\/\/pipraveski.ee\/en\/wp-json\/wp\/v2\/product_cat?post=2914"},{"taxonomy":"product_tag","embeddable":true,"href":"https:\/\/pipraveski.ee\/en\/wp-json\/wp\/v2\/product_tag?post=2914"}],"curies":[{"name":"wp","href":"https:\/\/api.w.org\/{rel}","templated":true}]}}