{"id":2913,"date":"2025-10-22T19:12:11","date_gmt":"2025-10-22T16:12:11","guid":{"rendered":"https:\/\/pipraveski.ee\/?post_type=product&#038;p=2913"},"modified":"2026-04-17T11:32:57","modified_gmt":"2026-04-17T08:32:57","slug":"teefiltrid-kannule-50tk-245-x-85cm","status":"publish","type":"product","link":"https:\/\/pipraveski.ee\/en\/product\/teefiltrid-kannule-50tk-245-x-85cm\/","title":{"rendered":"Tea strainer, jug, 50pcs, 24,5 x 8,5cm"},"content":{"rendered":"<p>Teepaberifilter, suurus L &#8211; eriti lai.<br \/>\nPaberist \u00fchekordsed teefiltrid, kloriidivabad.<\/p>\n<p>Mugav kasutada, asetada lihtsalt teekannu sisse ja p\u00e4rast kasutust \u00e4ra visata.<br \/>\nV\u00e4ga peen kompostitav filterpaber, pleegitatud ilma kloorita. See teefilter on eksklusiivne k\u00f5ikidele meeltele, peenel einestamisel ja teie isiklikuks maitseelamuseks! J\u00e4tkusuutlikkus ja keskkonnahoid olid arenduse p\u00f5hiideed: nii looduslikust toorainest valmistatud kott on kergesti kompostitavad.<\/p>","protected":false},"excerpt":{"rendered":"<p>Teepaberifilter, suurus L &#8211; eriti lai. Paberist \u00fchekordsed teefiltrid, kloriidivabad. Mugav kasutada, asetada lihtsalt teekannu sisse ja p\u00e4rast kasutust \u00e4ra visata. V\u00e4ga peen kompostitav filterpaber, pleegitatud ilma kloorita. See teefilter on eksklusiivne k\u00f5ikidele meeltele, peenel einestamisel ja teie isiklikuks maitseelamuseks! J\u00e4tkusuutlikkus ja keskkonnahoid olid arenduse p\u00f5hiideed: nii looduslikust toorainest valmistatud kott on kergesti kompostitavad.<\/p>","protected":false},"featured_media":2943,"template":"","meta":[],"product_brand":[],"product_cat":[327],"product_tag":[],"class_list":{"0":"post-2913","1":"product","2":"type-product","3":"status-publish","4":"has-post-thumbnail","6":"product_cat-kohv-tee","8":"first","9":"instock","10":"taxable","11":"shipping-taxable","12":"purchasable","13":"product-type-simple"},"_links":{"self":[{"href":"https:\/\/pipraveski.ee\/en\/wp-json\/wp\/v2\/product\/2913","targetHints":{"allow":["GET"]}}],"collection":[{"href":"https:\/\/pipraveski.ee\/en\/wp-json\/wp\/v2\/product"}],"about":[{"href":"https:\/\/pipraveski.ee\/en\/wp-json\/wp\/v2\/types\/product"}],"wp:featuredmedia":[{"embeddable":true,"href":"https:\/\/pipraveski.ee\/en\/wp-json\/wp\/v2\/media\/2943"}],"wp:attachment":[{"href":"https:\/\/pipraveski.ee\/en\/wp-json\/wp\/v2\/media?parent=2913"}],"wp:term":[{"taxonomy":"product_brand","embeddable":true,"href":"https:\/\/pipraveski.ee\/en\/wp-json\/wp\/v2\/product_brand?post=2913"},{"taxonomy":"product_cat","embeddable":true,"href":"https:\/\/pipraveski.ee\/en\/wp-json\/wp\/v2\/product_cat?post=2913"},{"taxonomy":"product_tag","embeddable":true,"href":"https:\/\/pipraveski.ee\/en\/wp-json\/wp\/v2\/product_tag?post=2913"}],"curies":[{"name":"wp","href":"https:\/\/api.w.org\/{rel}","templated":true}]}}